{"id":85,"date":"2021-11-07T10:44:29","date_gmt":"2021-11-07T09:44:29","guid":{"rendered":"https:\/\/calistaengineering.fr\/?page_id=85"},"modified":"2022-02-15T08:21:03","modified_gmt":"2022-02-15T07:21:03","slug":"reprogrammation-moteur-sur-mesure","status":"publish","type":"page","link":"https:\/\/calistaengineering.fr\/index.php\/reprogrammation-moteur-sur-mesure\/","title":{"rendered":"Reprogrammation moteur sur mesure"},"content":{"rendered":"\n<p class=\"has-medium-font-size\"><br><strong>Nos reprogrammations sont sur mesure selon une m\u00e9thode bas\u00e9e sur l&rsquo;AFR. <\/strong><\/p>\n\n\n\n<p class=\"has-normal-font-size\"> Chaque modification est unique et adapt\u00e9e aux souhaits du client. <\/p>\n\n\n\n<p><\/p>\n\n\n\n<p><\/p>\n\n\n\n<p class=\"has-small-font-size\">Toutes les valeurs annonc\u00e9es ne sont qu&rsquo;\u00e0 titre d&rsquo;informations<em>.<\/em><\/p>\n\n\n\n<iframe loading=\"lazy\" src=\"https:\/\/tuning-shop.com\/iframe\/iframe.php?user=2264\" scrolling=\"auto\" width=\"100%\" height=\"auto\" frameborder=\"0\" title='Simulateur de performance potentiel de votre v\u00e9hicule'><\/iframe>\n\n<script src=\"https:\/\/tuning-shop.com\/media\/js\/iframe-loader.js\" defer><\/script>\n\n\n\n<div class=\"wp-block-columns are-vertically-aligned-center is-layout-flex wp-container-core-columns-is-layout-9d6595d7 wp-block-columns-is-layout-flex\">\n<div class=\"wp-block-column is-vertically-aligned-center is-layout-flow wp-block-column-is-layout-flow\" style=\"flex-basis:100%\"><\/div>\n<\/div>\n\n\n\n<div class=\"wp-block-buttons is-layout-flex wp-block-buttons-is-layout-flex\">\n<div class=\"wp-block-button\"><a class=\"wp-block-button__link\" href=\"https:\/\/calistaengineering.fr\/index.php\/contact\/\">Nous contacter<\/a><\/div>\n<\/div>\n\n\n\n<p class=\"has-medium-font-size\"><strong><span style=\"text-decoration: underline;\">Ce que dit la loi<\/span><\/strong> : <\/p>\n\n\n\n<p>La l\u00e9gislation autour de la reprogrammation moteur est d\u00e9finie par le Code de la Route et notamment ces articles :<\/p>\n\n\n\n<p class=\"has-normal-font-size\"><strong>Code de la route. \u2013 art. R321-16<\/strong><\/p>\n\n\n\n<p>\u00ab&nbsp;Tout v\u00e9hicule isol\u00e9 ou \u00e9l\u00e9ment de v\u00e9hicule ayant subi des transformations notables est obligatoirement soumis \u00e0 une nouvelle r\u00e9ception. Le propri\u00e9taire du v\u00e9hicule ou de l\u2019\u00e9l\u00e9ment de v\u00e9hicule doit demander cette nouvelle r\u00e9ception au pr\u00e9fet.<\/p>\n\n\n\n<p>Le ministre charg\u00e9 des transports d\u00e9finit par arr\u00eat\u00e9 les transformations notables rendant n\u00e9cessaires une nouvelle r\u00e9ception.&nbsp;\u00bb<\/p>\n\n\n\n<p><strong>Code de la route. \u2013 art. R322-8<\/strong><\/p>\n\n\n\n<p>\u00ab&nbsp;I. \u2013 Toute transformation apport\u00e9e \u00e0 un v\u00e9hicule soumis \u00e0 immatriculation et d\u00e9j\u00e0 immatricul\u00e9, qu\u2019il s\u2019agisse d\u2019une transformation notable ou de toute autre transformation susceptible de modifier les caract\u00e9ristiques indiqu\u00e9es sur le certificat d\u2019immatriculation, n\u00e9cessite la modification de celui-ci. Pour maintenir la validit\u00e9 du certificat d\u2019immatriculation, le propri\u00e9taire doit adresser au ministre de l\u2019int\u00e9rieur par voie \u00e9lectronique une d\u00e9claration dans le mois qui suit la transformation du v\u00e9hicule. Le propri\u00e9taire peut circuler \u00e0 titre provisoire, pendant une p\u00e9riode d\u2019un mois \u00e0 compter de la date de la d\u00e9claration, sous couvert d\u2019un certificat provisoire d\u2019immatriculation.&nbsp;\u00bb<\/p>\n\n\n\n<h5 class=\"has-normal-font-size wp-block-heading\" id=\"h-quel-est-le-cadre-legal-pour-rouler-avec-un-vehicule-reprogramme\">&nbsp;Quel est le cadre l\u00e9gal pour rouler avec un v\u00e9hicule reprogramm\u00e9?<\/h5>\n\n\n\n<p>La r\u00e9glementation en vigueur ne consid\u00e8re pas l\u2019optimisation moteur comme une modification notable. Ainsi, il n\u2019est pas n\u00e9cessaire d\u2019effectuer une R\u00e9ception \u00e0 Titre Isol\u00e9 ou RTI. En revanche, l\u2019article R322-8 du Code de la route stipule que toute transformation modifiant les caract\u00e9ristiques du v\u00e9hicule n\u00e9cessite <strong>une modification du certificat d\u2019immatriculation<\/strong>.<\/p>\n\n\n\n<p>Pour cela, le propri\u00e9taire du v\u00e9hicule doit adresser une d\u00e9claration au Minist\u00e8re de l\u2019Int\u00e9rieur dans le mois suivant la transformation. Un certificat provisoire d\u2019immatriculation sera d\u00e9livr\u00e9 au conducteur pour pouvoir circuler, pendant 1 mois \u00e0 partir de la date de d\u00e9claration. Voici les documents \u00e0 fournir pour la nouvelle carte grise :<\/p>\n\n\n\n<ul class=\"wp-block-list\"><li><strong>Le certificat d\u2019immatriculation original<\/strong><\/li><li><strong>Le Cerfa 13750*05 de demande d\u2019immatriculation<\/strong><\/li><li><strong>Un justificatif d\u2019identit\u00e9<\/strong><\/li><li><strong>Un justificatif de domicile<\/strong><\/li><li><strong>Le RTI :<\/strong> rappelons que pour l\u2019optimisation moteur, celui-ci n\u2019est pas obligatoire. Il l\u2019est uniquement pour une modification physique du v\u00e9hicule.<\/li><\/ul>\n\n\n\n<p>De ce fait, l\u2019optimisation moteur n\u2019est pas interdite, mais entra\u00eene des d\u00e9marches administratives relativement compliqu\u00e9es.<\/p>\n\n\n\n<div class=\"wp-block-image\"><figure class=\"aligncenter\"><img loading=\"lazy\" decoding=\"async\" width=\"1000\" height=\"250\" src=\"https:\/\/calistaengineering.fr\/wp-content\/uploads\/2021\/11\/cropped-cover-logo-white-color.jpg\" alt=\"\" class=\"wp-image-51\" srcset=\"https:\/\/calistaengineering.fr\/wp-content\/uploads\/2021\/11\/cropped-cover-logo-white-color.jpg 1000w, https:\/\/calistaengineering.fr\/wp-content\/uploads\/2021\/11\/cropped-cover-logo-white-color.jpg 300w, https:\/\/calistaengineering.fr\/wp-content\/uploads\/2021\/11\/cropped-cover-logo-white-color.jpg 768w\" sizes=\"auto, (max-width: 1000px) 100vw, 1000px\" \/><\/figure><\/div>\n","protected":false},"excerpt":{"rendered":"<p>Nos reprogrammations sont sur mesure selon une m\u00e9thode bas\u00e9e sur l&rsquo;AFR. Chaque modification est unique et adapt\u00e9e aux souhaits du client. Toutes les valeurs annonc\u00e9es ne sont qu&rsquo;\u00e0 titre d&rsquo;informations. Ce que dit la loi : La l\u00e9gislation autour de la reprogrammation moteur est d\u00e9finie par le Code de la Route et notamment ces articles &hellip;<\/p>\n","protected":false},"author":1,"featured_media":278,"parent":0,"menu_order":0,"comment_status":"closed","ping_status":"closed","template":"","meta":{"footnotes":""},"class_list":["post-85","page","type-page","status-publish","has-post-thumbnail","hentry"],"yoast_head":"<!-- This site is optimized with the Yoast SEO plugin v27.5 - https:\/\/yoast.com\/product\/yoast-seo-wordpress\/ -->\n<title>Optimisation moteur Reprogrammation stage1\/2<\/title>\n<meta name=\"robots\" content=\"index, follow, max-snippet:-1, max-image-preview:large, max-video-preview:-1\" \/>\n<link rel=\"canonical\" href=\"https:\/\/calistaengineering.fr\/index.php\/reprogrammation-moteur-sur-mesure\/\" \/>\n<meta property=\"og:locale\" content=\"fr_FR\" \/>\n<meta property=\"og:type\" content=\"article\" \/>\n<meta property=\"og:title\" content=\"Optimisation moteur Reprogrammation stage1\/2\" \/>\n<meta property=\"og:description\" content=\"Nos reprogrammations sont sur mesure selon une m\u00e9thode bas\u00e9e sur l&rsquo;AFR. Chaque modification est unique et adapt\u00e9e aux souhaits du client. Toutes les valeurs annonc\u00e9es ne sont qu&rsquo;\u00e0 titre d&rsquo;informations. Ce que dit la loi : La l\u00e9gislation autour de la reprogrammation moteur est d\u00e9finie par le Code de la Route et notamment ces articles &hellip;\" \/>\n<meta property=\"og:url\" content=\"https:\/\/calistaengineering.fr\/index.php\/reprogrammation-moteur-sur-mesure\/\" \/>\n<meta property=\"og:site_name\" content=\"CALISTA ENGINEERING\" \/>\n<meta property=\"article:publisher\" content=\"https:\/\/www.facebook.com\/calistaefficienceperformance\" \/>\n<meta property=\"article:modified_time\" content=\"2022-02-15T07:21:03+00:00\" \/>\n<meta property=\"og:image\" content=\"https:\/\/calistaengineering.fr\/wp-content\/uploads\/2021\/11\/cropped-cropped-111201-e1643643481700.jpg\" \/>\n\t<meta property=\"og:image:width\" content=\"1500\" \/>\n\t<meta property=\"og:image:height\" content=\"572\" \/>\n\t<meta property=\"og:image:type\" content=\"image\/jpeg\" \/>\n<meta name=\"twitter:card\" content=\"summary_large_image\" \/>\n<meta name=\"twitter:label1\" content=\"Dur\u00e9e de lecture estim\u00e9e\" \/>\n\t<meta name=\"twitter:data1\" content=\"3 minutes\" \/>\n<script type=\"application\/ld+json\" class=\"yoast-schema-graph\">{\"@context\":\"https:\\\/\\\/schema.org\",\"@graph\":[{\"@type\":\"WebPage\",\"@id\":\"https:\\\/\\\/calistaengineering.fr\\\/index.php\\\/reprogrammation-moteur-sur-mesure\\\/\",\"url\":\"https:\\\/\\\/calistaengineering.fr\\\/index.php\\\/reprogrammation-moteur-sur-mesure\\\/\",\"name\":\"Optimisation moteur Reprogrammation stage1\\\/2\",\"isPartOf\":{\"@id\":\"https:\\\/\\\/calistaengineering.fr\\\/#website\"},\"primaryImageOfPage\":{\"@id\":\"https:\\\/\\\/calistaengineering.fr\\\/index.php\\\/reprogrammation-moteur-sur-mesure\\\/#primaryimage\"},\"image\":{\"@id\":\"https:\\\/\\\/calistaengineering.fr\\\/index.php\\\/reprogrammation-moteur-sur-mesure\\\/#primaryimage\"},\"thumbnailUrl\":\"https:\\\/\\\/calistaengineering.fr\\\/wp-content\\\/uploads\\\/2021\\\/11\\\/cropped-cropped-111201-e1643643481700.jpg\",\"datePublished\":\"2021-11-07T09:44:29+00:00\",\"dateModified\":\"2022-02-15T07:21:03+00:00\",\"breadcrumb\":{\"@id\":\"https:\\\/\\\/calistaengineering.fr\\\/index.php\\\/reprogrammation-moteur-sur-mesure\\\/#breadcrumb\"},\"inLanguage\":\"fr-FR\",\"potentialAction\":[{\"@type\":\"ReadAction\",\"target\":[\"https:\\\/\\\/calistaengineering.fr\\\/index.php\\\/reprogrammation-moteur-sur-mesure\\\/\"]}]},{\"@type\":\"ImageObject\",\"inLanguage\":\"fr-FR\",\"@id\":\"https:\\\/\\\/calistaengineering.fr\\\/index.php\\\/reprogrammation-moteur-sur-mesure\\\/#primaryimage\",\"url\":\"https:\\\/\\\/calistaengineering.fr\\\/wp-content\\\/uploads\\\/2021\\\/11\\\/cropped-cropped-111201-e1643643481700.jpg\",\"contentUrl\":\"https:\\\/\\\/calistaengineering.fr\\\/wp-content\\\/uploads\\\/2021\\\/11\\\/cropped-cropped-111201-e1643643481700.jpg\",\"width\":1500,\"height\":572,\"caption\":\"image de couverture\"},{\"@type\":\"BreadcrumbList\",\"@id\":\"https:\\\/\\\/calistaengineering.fr\\\/index.php\\\/reprogrammation-moteur-sur-mesure\\\/#breadcrumb\",\"itemListElement\":[{\"@type\":\"ListItem\",\"position\":1,\"name\":\"Reprogrammation moteur landes sanguinet biscarrosse mimizan\",\"item\":\"https:\\\/\\\/calistaengineering.fr\\\/\"},{\"@type\":\"ListItem\",\"position\":2,\"name\":\"Reprogrammation moteur sur mesure\"}]},{\"@type\":\"WebSite\",\"@id\":\"https:\\\/\\\/calistaengineering.fr\\\/#website\",\"url\":\"https:\\\/\\\/calistaengineering.fr\\\/\",\"name\":\"CALISTA ENGINEERING\",\"description\":\"Efficience &amp; Performance\",\"publisher\":{\"@id\":\"https:\\\/\\\/calistaengineering.fr\\\/#organization\"},\"potentialAction\":[{\"@type\":\"SearchAction\",\"target\":{\"@type\":\"EntryPoint\",\"urlTemplate\":\"https:\\\/\\\/calistaengineering.fr\\\/?s={search_term_string}\"},\"query-input\":{\"@type\":\"PropertyValueSpecification\",\"valueRequired\":true,\"valueName\":\"search_term_string\"}}],\"inLanguage\":\"fr-FR\"},{\"@type\":\"Organization\",\"@id\":\"https:\\\/\\\/calistaengineering.fr\\\/#organization\",\"name\":\"Calista Engineering\",\"url\":\"https:\\\/\\\/calistaengineering.fr\\\/\",\"logo\":{\"@type\":\"ImageObject\",\"inLanguage\":\"fr-FR\",\"@id\":\"https:\\\/\\\/calistaengineering.fr\\\/#\\\/schema\\\/logo\\\/image\\\/\",\"url\":\"https:\\\/\\\/i0.wp.com\\\/calistaengineering.fr\\\/wp-content\\\/uploads\\\/2021\\\/11\\\/cropped-cropped-cropped-logo-web-transparent.png?fit=86%2C45&ssl=1\",\"contentUrl\":\"https:\\\/\\\/i0.wp.com\\\/calistaengineering.fr\\\/wp-content\\\/uploads\\\/2021\\\/11\\\/cropped-cropped-cropped-logo-web-transparent.png?fit=86%2C45&ssl=1\",\"width\":86,\"height\":45,\"caption\":\"Calista Engineering\"},\"image\":{\"@id\":\"https:\\\/\\\/calistaengineering.fr\\\/#\\\/schema\\\/logo\\\/image\\\/\"},\"sameAs\":[\"https:\\\/\\\/www.facebook.com\\\/calistaefficienceperformance\"]}]}<\/script>\n<!-- \/ Yoast SEO plugin. -->","yoast_head_json":{"title":"Optimisation moteur Reprogrammation stage1\/2","robots":{"index":"index","follow":"follow","max-snippet":"max-snippet:-1","max-image-preview":"max-image-preview:large","max-video-preview":"max-video-preview:-1"},"canonical":"https:\/\/calistaengineering.fr\/index.php\/reprogrammation-moteur-sur-mesure\/","og_locale":"fr_FR","og_type":"article","og_title":"Optimisation moteur Reprogrammation stage1\/2","og_description":"Nos reprogrammations sont sur mesure selon une m\u00e9thode bas\u00e9e sur l&rsquo;AFR. Chaque modification est unique et adapt\u00e9e aux souhaits du client. Toutes les valeurs annonc\u00e9es ne sont qu&rsquo;\u00e0 titre d&rsquo;informations. Ce que dit la loi : La l\u00e9gislation autour de la reprogrammation moteur est d\u00e9finie par le Code de la Route et notamment ces articles &hellip;","og_url":"https:\/\/calistaengineering.fr\/index.php\/reprogrammation-moteur-sur-mesure\/","og_site_name":"CALISTA ENGINEERING","article_publisher":"https:\/\/www.facebook.com\/calistaefficienceperformance","article_modified_time":"2022-02-15T07:21:03+00:00","og_image":[{"width":1500,"height":572,"url":"https:\/\/calistaengineering.fr\/wp-content\/uploads\/2021\/11\/cropped-cropped-111201-e1643643481700.jpg","type":"image\/jpeg"}],"twitter_card":"summary_large_image","twitter_misc":{"Dur\u00e9e de lecture estim\u00e9e":"3 minutes"},"schema":{"@context":"https:\/\/schema.org","@graph":[{"@type":"WebPage","@id":"https:\/\/calistaengineering.fr\/index.php\/reprogrammation-moteur-sur-mesure\/","url":"https:\/\/calistaengineering.fr\/index.php\/reprogrammation-moteur-sur-mesure\/","name":"Optimisation moteur Reprogrammation stage1\/2","isPartOf":{"@id":"https:\/\/calistaengineering.fr\/#website"},"primaryImageOfPage":{"@id":"https:\/\/calistaengineering.fr\/index.php\/reprogrammation-moteur-sur-mesure\/#primaryimage"},"image":{"@id":"https:\/\/calistaengineering.fr\/index.php\/reprogrammation-moteur-sur-mesure\/#primaryimage"},"thumbnailUrl":"https:\/\/calistaengineering.fr\/wp-content\/uploads\/2021\/11\/cropped-cropped-111201-e1643643481700.jpg","datePublished":"2021-11-07T09:44:29+00:00","dateModified":"2022-02-15T07:21:03+00:00","breadcrumb":{"@id":"https:\/\/calistaengineering.fr\/index.php\/reprogrammation-moteur-sur-mesure\/#breadcrumb"},"inLanguage":"fr-FR","potentialAction":[{"@type":"ReadAction","target":["https:\/\/calistaengineering.fr\/index.php\/reprogrammation-moteur-sur-mesure\/"]}]},{"@type":"ImageObject","inLanguage":"fr-FR","@id":"https:\/\/calistaengineering.fr\/index.php\/reprogrammation-moteur-sur-mesure\/#primaryimage","url":"https:\/\/calistaengineering.fr\/wp-content\/uploads\/2021\/11\/cropped-cropped-111201-e1643643481700.jpg","contentUrl":"https:\/\/calistaengineering.fr\/wp-content\/uploads\/2021\/11\/cropped-cropped-111201-e1643643481700.jpg","width":1500,"height":572,"caption":"image de couverture"},{"@type":"BreadcrumbList","@id":"https:\/\/calistaengineering.fr\/index.php\/reprogrammation-moteur-sur-mesure\/#breadcrumb","itemListElement":[{"@type":"ListItem","position":1,"name":"Reprogrammation moteur landes sanguinet biscarrosse mimizan","item":"https:\/\/calistaengineering.fr\/"},{"@type":"ListItem","position":2,"name":"Reprogrammation moteur sur mesure"}]},{"@type":"WebSite","@id":"https:\/\/calistaengineering.fr\/#website","url":"https:\/\/calistaengineering.fr\/","name":"CALISTA ENGINEERING","description":"Efficience &amp; Performance","publisher":{"@id":"https:\/\/calistaengineering.fr\/#organization"},"potentialAction":[{"@type":"SearchAction","target":{"@type":"EntryPoint","urlTemplate":"https:\/\/calistaengineering.fr\/?s={search_term_string}"},"query-input":{"@type":"PropertyValueSpecification","valueRequired":true,"valueName":"search_term_string"}}],"inLanguage":"fr-FR"},{"@type":"Organization","@id":"https:\/\/calistaengineering.fr\/#organization","name":"Calista Engineering","url":"https:\/\/calistaengineering.fr\/","logo":{"@type":"ImageObject","inLanguage":"fr-FR","@id":"https:\/\/calistaengineering.fr\/#\/schema\/logo\/image\/","url":"https:\/\/i0.wp.com\/calistaengineering.fr\/wp-content\/uploads\/2021\/11\/cropped-cropped-cropped-logo-web-transparent.png?fit=86%2C45&ssl=1","contentUrl":"https:\/\/i0.wp.com\/calistaengineering.fr\/wp-content\/uploads\/2021\/11\/cropped-cropped-cropped-logo-web-transparent.png?fit=86%2C45&ssl=1","width":86,"height":45,"caption":"Calista Engineering"},"image":{"@id":"https:\/\/calistaengineering.fr\/#\/schema\/logo\/image\/"},"sameAs":["https:\/\/www.facebook.com\/calistaefficienceperformance"]}]}},"jetpack_sharing_enabled":true,"_links":{"self":[{"href":"https:\/\/calistaengineering.fr\/index.php\/wp-json\/wp\/v2\/pages\/85","targetHints":{"allow":["GET"]}}],"collection":[{"href":"https:\/\/calistaengineering.fr\/index.php\/wp-json\/wp\/v2\/pages"}],"about":[{"href":"https:\/\/calistaengineering.fr\/index.php\/wp-json\/wp\/v2\/types\/page"}],"author":[{"embeddable":true,"href":"https:\/\/calistaengineering.fr\/index.php\/wp-json\/wp\/v2\/users\/1"}],"replies":[{"embeddable":true,"href":"https:\/\/calistaengineering.fr\/index.php\/wp-json\/wp\/v2\/comments?post=85"}],"version-history":[{"count":66,"href":"https:\/\/calistaengineering.fr\/index.php\/wp-json\/wp\/v2\/pages\/85\/revisions"}],"predecessor-version":[{"id":604,"href":"https:\/\/calistaengineering.fr\/index.php\/wp-json\/wp\/v2\/pages\/85\/revisions\/604"}],"wp:featuredmedia":[{"embeddable":true,"href":"https:\/\/calistaengineering.fr\/index.php\/wp-json\/wp\/v2\/media\/278"}],"wp:attachment":[{"href":"https:\/\/calistaengineering.fr\/index.php\/wp-json\/wp\/v2\/media?parent=85"}],"curies":[{"name":"wp","href":"https:\/\/api.w.org\/{rel}","templated":true}]}}