{"id":813,"date":"2025-03-28T08:01:31","date_gmt":"2025-03-28T07:01:31","guid":{"rendered":"https:\/\/calistaengineering.fr\/?page_id=813"},"modified":"2025-03-28T08:01:34","modified_gmt":"2025-03-28T07:01:34","slug":"flashez-vous-meme-votre-vehicule","status":"publish","type":"page","link":"https:\/\/calistaengineering.fr\/index.php\/flashez-vous-meme-votre-vehicule\/","title":{"rendered":"Flashez vous m\u00eame votre vehicule"},"content":{"rendered":"\n<p>Nous vous proposons un appareil de poche qui vous permet d&rsquo;effectuer une lecture virtuelle et de programmer le contenu de votre bloc moteur\/boite automatique. Le logiciel, intuitif et simple d&rsquo;utilisation, fonctionne sur PC avec un syst\u00e8me d&rsquo;exploitation Windows. Notre boitier modifie le contenu des ECU et TCU, vous permettant d&rsquo;am\u00e9liorer les performances de votre v\u00e9hicule. Demandez nous la modification de votre choix, puis obtenez le fichier pour votre v\u00e9hicule.<\/p>\n\n\n\n<p><strong>Programmez via OBD en quelques clics<\/strong><br>Connectez votre outil au port OBD de votre v\u00e9hicule et \u00e9crivez le contenu du fichier directement sur votre ECU ou TCU.<\/p>\n\n\n\n<p><strong>Large gamme de compatibilit\u00e9<\/strong><br>Prise en charge de nombreux mod\u00e8les et marques de voitures. Cette liste est constamment mise \u00e0 jour.<\/p>\n\n\n\n<p><strong>Pas d&rsquo;abonnement<br><\/strong>Vous ne payez aucun frais mensuel, juste le co\u00fbt de votre fichier. Toutes les nouvelles mises \u00e0 jour sont incluses.<\/p>\n\n\n\n<h4 class=\"wp-block-heading\">Sp\u00e9cifications techniques du flasher personnel<\/h4>\n\n\n\n<figure class=\"wp-block-table\"><table><tbody><tr><td><strong>Caract\u00e9ristiques techniques<\/strong><\/td><td><strong>Conditions d&rsquo;installation<\/strong><\/td><\/tr><tr><td><strong>Port de l&rsquo;appareil<\/strong><\/td><td><strong>Connexion Internet :<\/strong><\/td><\/tr><tr><td>USB 2.0<\/td><td>L&rsquo;un des \u00e9l\u00e9ments suivants&nbsp;:<\/td><\/tr><tr><td><strong>Port de communication<\/strong><\/td><td>Windows 7 ou sup\u00e9rieur<\/td><\/tr><tr><td>OBD-II<\/td><td><\/td><\/tr><tr><td>ISO 15765 : 2xCANBUS<\/td><td>V\u00e9hicule conforme OBD-II<\/td><\/tr><tr><td>ISO 9141-2 et ISO 14230 : 2X LIGNE K, 1X LIGNE L<\/td><td>Stabilisateur de batterie (8min. 50A)<\/td><\/tr><\/tbody><\/table><\/figure>\n\n\n\n<p id=\"RBEI2JW\">Tarif a partir de 250\u20ac<br><\/p>\n\n\n\n<figure class=\"wp-block-image size-full\"><img loading=\"lazy\" decoding=\"async\" width=\"600\" height=\"400\" src=\"https:\/\/calistaengineering.fr\/wp-content\/uploads\/2025\/03\/IXI-PERSONEL-FLASHER-\u2013-ARACA-OZGU-CHIPTUNING-CIHAZ.webp\" alt=\"\" class=\"wp-image-814\" srcset=\"https:\/\/calistaengineering.fr\/wp-content\/uploads\/2025\/03\/IXI-PERSONEL-FLASHER-\u2013-ARACA-OZGU-CHIPTUNING-CIHAZ.webp 600w, https:\/\/calistaengineering.fr\/wp-content\/uploads\/2025\/03\/IXI-PERSONEL-FLASHER-\u2013-ARACA-OZGU-CHIPTUNING-CIHAZ.webp 300w\" sizes=\"auto, (max-width: 600px) 100vw, 600px\" \/><\/figure>\n","protected":false},"excerpt":{"rendered":"<p>Nous vous proposons un appareil de poche qui vous permet d&rsquo;effectuer une lecture virtuelle et de programmer le contenu de votre bloc moteur\/boite automatique. Le logiciel, intuitif et simple d&rsquo;utilisation, fonctionne sur PC avec un syst\u00e8me d&rsquo;exploitation Windows. Notre boitier modifie le contenu des ECU et TCU, vous permettant d&rsquo;am\u00e9liorer les performances de votre v\u00e9hicule. &hellip;<\/p>\n","protected":false},"author":1,"featured_media":0,"parent":0,"menu_order":0,"comment_status":"closed","ping_status":"closed","template":"","meta":{"footnotes":""},"class_list":["post-813","page","type-page","status-publish","hentry"],"yoast_head":"<!-- This site is optimized with the Yoast SEO plugin v27.5 - https:\/\/yoast.com\/product\/yoast-seo-wordpress\/ -->\n<title>Flashez vous m\u00eame votre vehicule - CALISTA ENGINEERING<\/title>\n<meta name=\"robots\" content=\"index, follow, max-snippet:-1, max-image-preview:large, max-video-preview:-1\" \/>\n<link rel=\"canonical\" href=\"https:\/\/calistaengineering.fr\/index.php\/flashez-vous-meme-votre-vehicule\/\" \/>\n<meta property=\"og:locale\" content=\"fr_FR\" \/>\n<meta property=\"og:type\" content=\"article\" \/>\n<meta property=\"og:title\" content=\"Flashez vous m\u00eame votre vehicule - CALISTA ENGINEERING\" \/>\n<meta property=\"og:description\" content=\"Nous vous proposons un appareil de poche qui vous permet d&rsquo;effectuer une lecture virtuelle et de programmer le contenu de votre bloc moteur\/boite automatique. Le logiciel, intuitif et simple d&rsquo;utilisation, fonctionne sur PC avec un syst\u00e8me d&rsquo;exploitation Windows. Notre boitier modifie le contenu des ECU et TCU, vous permettant d&rsquo;am\u00e9liorer les performances de votre v\u00e9hicule. &hellip;\" \/>\n<meta property=\"og:url\" content=\"https:\/\/calistaengineering.fr\/index.php\/flashez-vous-meme-votre-vehicule\/\" \/>\n<meta property=\"og:site_name\" content=\"CALISTA ENGINEERING\" \/>\n<meta property=\"article:publisher\" content=\"https:\/\/www.facebook.com\/calistaefficienceperformance\" \/>\n<meta property=\"article:modified_time\" content=\"2025-03-28T07:01:34+00:00\" \/>\n<meta name=\"twitter:card\" content=\"summary_large_image\" \/>\n<meta name=\"twitter:label1\" content=\"Dur\u00e9e de lecture estim\u00e9e\" \/>\n\t<meta name=\"twitter:data1\" content=\"2 minutes\" \/>\n<script type=\"application\/ld+json\" class=\"yoast-schema-graph\">{\"@context\":\"https:\\\/\\\/schema.org\",\"@graph\":[{\"@type\":\"WebPage\",\"@id\":\"https:\\\/\\\/calistaengineering.fr\\\/index.php\\\/flashez-vous-meme-votre-vehicule\\\/\",\"url\":\"https:\\\/\\\/calistaengineering.fr\\\/index.php\\\/flashez-vous-meme-votre-vehicule\\\/\",\"name\":\"Flashez vous m\u00eame votre vehicule - CALISTA ENGINEERING\",\"isPartOf\":{\"@id\":\"https:\\\/\\\/calistaengineering.fr\\\/#website\"},\"datePublished\":\"2025-03-28T07:01:31+00:00\",\"dateModified\":\"2025-03-28T07:01:34+00:00\",\"breadcrumb\":{\"@id\":\"https:\\\/\\\/calistaengineering.fr\\\/index.php\\\/flashez-vous-meme-votre-vehicule\\\/#breadcrumb\"},\"inLanguage\":\"fr-FR\",\"potentialAction\":[{\"@type\":\"ReadAction\",\"target\":[\"https:\\\/\\\/calistaengineering.fr\\\/index.php\\\/flashez-vous-meme-votre-vehicule\\\/\"]}]},{\"@type\":\"BreadcrumbList\",\"@id\":\"https:\\\/\\\/calistaengineering.fr\\\/index.php\\\/flashez-vous-meme-votre-vehicule\\\/#breadcrumb\",\"itemListElement\":[{\"@type\":\"ListItem\",\"position\":1,\"name\":\"Reprogrammation moteur landes sanguinet biscarrosse mimizan\",\"item\":\"https:\\\/\\\/calistaengineering.fr\\\/\"},{\"@type\":\"ListItem\",\"position\":2,\"name\":\"Flashez vous m\u00eame votre vehicule\"}]},{\"@type\":\"WebSite\",\"@id\":\"https:\\\/\\\/calistaengineering.fr\\\/#website\",\"url\":\"https:\\\/\\\/calistaengineering.fr\\\/\",\"name\":\"CALISTA ENGINEERING\",\"description\":\"Efficience &amp; Performance\",\"publisher\":{\"@id\":\"https:\\\/\\\/calistaengineering.fr\\\/#organization\"},\"potentialAction\":[{\"@type\":\"SearchAction\",\"target\":{\"@type\":\"EntryPoint\",\"urlTemplate\":\"https:\\\/\\\/calistaengineering.fr\\\/?s={search_term_string}\"},\"query-input\":{\"@type\":\"PropertyValueSpecification\",\"valueRequired\":true,\"valueName\":\"search_term_string\"}}],\"inLanguage\":\"fr-FR\"},{\"@type\":\"Organization\",\"@id\":\"https:\\\/\\\/calistaengineering.fr\\\/#organization\",\"name\":\"Calista Engineering\",\"url\":\"https:\\\/\\\/calistaengineering.fr\\\/\",\"logo\":{\"@type\":\"ImageObject\",\"inLanguage\":\"fr-FR\",\"@id\":\"https:\\\/\\\/calistaengineering.fr\\\/#\\\/schema\\\/logo\\\/image\\\/\",\"url\":\"https:\\\/\\\/i0.wp.com\\\/calistaengineering.fr\\\/wp-content\\\/uploads\\\/2021\\\/11\\\/cropped-cropped-cropped-logo-web-transparent.png?fit=86%2C45&ssl=1\",\"contentUrl\":\"https:\\\/\\\/i0.wp.com\\\/calistaengineering.fr\\\/wp-content\\\/uploads\\\/2021\\\/11\\\/cropped-cropped-cropped-logo-web-transparent.png?fit=86%2C45&ssl=1\",\"width\":86,\"height\":45,\"caption\":\"Calista Engineering\"},\"image\":{\"@id\":\"https:\\\/\\\/calistaengineering.fr\\\/#\\\/schema\\\/logo\\\/image\\\/\"},\"sameAs\":[\"https:\\\/\\\/www.facebook.com\\\/calistaefficienceperformance\"]}]}<\/script>\n<!-- \/ Yoast SEO plugin. -->","yoast_head_json":{"title":"Flashez vous m\u00eame votre vehicule - CALISTA ENGINEERING","robots":{"index":"index","follow":"follow","max-snippet":"max-snippet:-1","max-image-preview":"max-image-preview:large","max-video-preview":"max-video-preview:-1"},"canonical":"https:\/\/calistaengineering.fr\/index.php\/flashez-vous-meme-votre-vehicule\/","og_locale":"fr_FR","og_type":"article","og_title":"Flashez vous m\u00eame votre vehicule - CALISTA ENGINEERING","og_description":"Nous vous proposons un appareil de poche qui vous permet d&rsquo;effectuer une lecture virtuelle et de programmer le contenu de votre bloc moteur\/boite automatique. Le logiciel, intuitif et simple d&rsquo;utilisation, fonctionne sur PC avec un syst\u00e8me d&rsquo;exploitation Windows. Notre boitier modifie le contenu des ECU et TCU, vous permettant d&rsquo;am\u00e9liorer les performances de votre v\u00e9hicule. &hellip;","og_url":"https:\/\/calistaengineering.fr\/index.php\/flashez-vous-meme-votre-vehicule\/","og_site_name":"CALISTA ENGINEERING","article_publisher":"https:\/\/www.facebook.com\/calistaefficienceperformance","article_modified_time":"2025-03-28T07:01:34+00:00","twitter_card":"summary_large_image","twitter_misc":{"Dur\u00e9e de lecture estim\u00e9e":"2 minutes"},"schema":{"@context":"https:\/\/schema.org","@graph":[{"@type":"WebPage","@id":"https:\/\/calistaengineering.fr\/index.php\/flashez-vous-meme-votre-vehicule\/","url":"https:\/\/calistaengineering.fr\/index.php\/flashez-vous-meme-votre-vehicule\/","name":"Flashez vous m\u00eame votre vehicule - CALISTA ENGINEERING","isPartOf":{"@id":"https:\/\/calistaengineering.fr\/#website"},"datePublished":"2025-03-28T07:01:31+00:00","dateModified":"2025-03-28T07:01:34+00:00","breadcrumb":{"@id":"https:\/\/calistaengineering.fr\/index.php\/flashez-vous-meme-votre-vehicule\/#breadcrumb"},"inLanguage":"fr-FR","potentialAction":[{"@type":"ReadAction","target":["https:\/\/calistaengineering.fr\/index.php\/flashez-vous-meme-votre-vehicule\/"]}]},{"@type":"BreadcrumbList","@id":"https:\/\/calistaengineering.fr\/index.php\/flashez-vous-meme-votre-vehicule\/#breadcrumb","itemListElement":[{"@type":"ListItem","position":1,"name":"Reprogrammation moteur landes sanguinet biscarrosse mimizan","item":"https:\/\/calistaengineering.fr\/"},{"@type":"ListItem","position":2,"name":"Flashez vous m\u00eame votre vehicule"}]},{"@type":"WebSite","@id":"https:\/\/calistaengineering.fr\/#website","url":"https:\/\/calistaengineering.fr\/","name":"CALISTA ENGINEERING","description":"Efficience &amp; Performance","publisher":{"@id":"https:\/\/calistaengineering.fr\/#organization"},"potentialAction":[{"@type":"SearchAction","target":{"@type":"EntryPoint","urlTemplate":"https:\/\/calistaengineering.fr\/?s={search_term_string}"},"query-input":{"@type":"PropertyValueSpecification","valueRequired":true,"valueName":"search_term_string"}}],"inLanguage":"fr-FR"},{"@type":"Organization","@id":"https:\/\/calistaengineering.fr\/#organization","name":"Calista Engineering","url":"https:\/\/calistaengineering.fr\/","logo":{"@type":"ImageObject","inLanguage":"fr-FR","@id":"https:\/\/calistaengineering.fr\/#\/schema\/logo\/image\/","url":"https:\/\/i0.wp.com\/calistaengineering.fr\/wp-content\/uploads\/2021\/11\/cropped-cropped-cropped-logo-web-transparent.png?fit=86%2C45&ssl=1","contentUrl":"https:\/\/i0.wp.com\/calistaengineering.fr\/wp-content\/uploads\/2021\/11\/cropped-cropped-cropped-logo-web-transparent.png?fit=86%2C45&ssl=1","width":86,"height":45,"caption":"Calista Engineering"},"image":{"@id":"https:\/\/calistaengineering.fr\/#\/schema\/logo\/image\/"},"sameAs":["https:\/\/www.facebook.com\/calistaefficienceperformance"]}]}},"jetpack_sharing_enabled":true,"_links":{"self":[{"href":"https:\/\/calistaengineering.fr\/index.php\/wp-json\/wp\/v2\/pages\/813","targetHints":{"allow":["GET"]}}],"collection":[{"href":"https:\/\/calistaengineering.fr\/index.php\/wp-json\/wp\/v2\/pages"}],"about":[{"href":"https:\/\/calistaengineering.fr\/index.php\/wp-json\/wp\/v2\/types\/page"}],"author":[{"embeddable":true,"href":"https:\/\/calistaengineering.fr\/index.php\/wp-json\/wp\/v2\/users\/1"}],"replies":[{"embeddable":true,"href":"https:\/\/calistaengineering.fr\/index.php\/wp-json\/wp\/v2\/comments?post=813"}],"version-history":[{"count":1,"href":"https:\/\/calistaengineering.fr\/index.php\/wp-json\/wp\/v2\/pages\/813\/revisions"}],"predecessor-version":[{"id":816,"href":"https:\/\/calistaengineering.fr\/index.php\/wp-json\/wp\/v2\/pages\/813\/revisions\/816"}],"wp:attachment":[{"href":"https:\/\/calistaengineering.fr\/index.php\/wp-json\/wp\/v2\/media?parent=813"}],"curies":[{"name":"wp","href":"https:\/\/api.w.org\/{rel}","templated":true}]}}