{"id":617,"date":"2022-03-03T08:27:20","date_gmt":"2022-03-03T07:27:20","guid":{"rendered":"https:\/\/calistaengineering.fr\/?page_id=617"},"modified":"2022-03-04T08:27:58","modified_gmt":"2022-03-04T07:27:58","slug":"reparations-frm-uch-bsi-bsm","status":"publish","type":"page","link":"https:\/\/calistaengineering.fr\/index.php\/reparations-frm-uch-bsi-bsm\/","title":{"rendered":"R\u00e9parations"},"content":{"rendered":"\n<p>Calista Engineering vous propose la r\u00e9paration, le clonage ainsi que la programmation de diff\u00e9rents boitiers.<br><br><\/p>\n\n\n\n<p>Nous vous proposons :<br>&#8211; R\u00e9paration FRM (BMW, MINI)<br>&#8211; R\u00e9paration calculateur AirBag (reset crash)<br>&#8211; R\u00e9paration\/clonage Verrou colonne de direction<br>&#8211; Remplacement codage UCH (Renault)<br>&#8211; R\u00e9paration\/clonage BSI (PSA)<br>&#8211; R\u00e9paration\/remplacement BSM (PSA)<br>&#8211; Cartes\/cl\u00e9 Renault-Remplacement tableau de bord (Renault)<\/p>\n\n\n\n<div class=\"wp-block-buttons is-layout-flex wp-block-buttons-is-layout-flex\">\n<div class=\"wp-block-button\"><a class=\"wp-block-button__link\" href=\"https:\/\/calistaengineering.fr\/index.php\/contact\/\">Contact<\/a><\/div>\n<\/div>\n","protected":false},"excerpt":{"rendered":"<p>Calista Engineering vous propose la r\u00e9paration, le clonage ainsi que la programmation de diff\u00e9rents boitiers. Nous vous proposons :&#8211; R\u00e9paration FRM (BMW, MINI)&#8211; R\u00e9paration calculateur AirBag (reset crash)&#8211; R\u00e9paration\/clonage Verrou colonne de direction&#8211; Remplacement codage UCH (Renault)&#8211; R\u00e9paration\/clonage BSI (PSA)&#8211; R\u00e9paration\/remplacement BSM (PSA)&#8211; Cartes\/cl\u00e9 Renault-Remplacement tableau de bord (Renault)<\/p>\n","protected":false},"author":1,"featured_media":278,"parent":0,"menu_order":0,"comment_status":"closed","ping_status":"closed","template":"","meta":{"footnotes":""},"class_list":["post-617","page","type-page","status-publish","has-post-thumbnail","hentry"],"yoast_head":"<!-- This site is optimized with the Yoast SEO plugin v27.5 - https:\/\/yoast.com\/product\/yoast-seo-wordpress\/ -->\n<title>R\u00e9parations - CALISTA ENGINEERING<\/title>\n<meta name=\"robots\" content=\"index, follow, max-snippet:-1, max-image-preview:large, max-video-preview:-1\" \/>\n<link rel=\"canonical\" href=\"https:\/\/calistaengineering.fr\/index.php\/reparations-frm-uch-bsi-bsm\/\" \/>\n<meta property=\"og:locale\" content=\"fr_FR\" \/>\n<meta property=\"og:type\" content=\"article\" \/>\n<meta property=\"og:title\" content=\"R\u00e9parations - CALISTA ENGINEERING\" \/>\n<meta property=\"og:description\" content=\"Calista Engineering vous propose la r\u00e9paration, le clonage ainsi que la programmation de diff\u00e9rents boitiers. Nous vous proposons :&#8211; R\u00e9paration FRM (BMW, MINI)&#8211; R\u00e9paration calculateur AirBag (reset crash)&#8211; R\u00e9paration\/clonage Verrou colonne de direction&#8211; Remplacement codage UCH (Renault)&#8211; R\u00e9paration\/clonage BSI (PSA)&#8211; R\u00e9paration\/remplacement BSM (PSA)&#8211; Cartes\/cl\u00e9 Renault-Remplacement tableau de bord (Renault)\" \/>\n<meta property=\"og:url\" content=\"https:\/\/calistaengineering.fr\/index.php\/reparations-frm-uch-bsi-bsm\/\" \/>\n<meta property=\"og:site_name\" content=\"CALISTA ENGINEERING\" \/>\n<meta property=\"article:publisher\" content=\"https:\/\/www.facebook.com\/calistaefficienceperformance\" \/>\n<meta property=\"article:modified_time\" content=\"2022-03-04T07:27:58+00:00\" \/>\n<meta property=\"og:image\" content=\"https:\/\/calistaengineering.fr\/wp-content\/uploads\/2021\/11\/cropped-cropped-111201-e1643643481700.jpg\" \/>\n\t<meta property=\"og:image:width\" content=\"1500\" \/>\n\t<meta property=\"og:image:height\" content=\"572\" \/>\n\t<meta property=\"og:image:type\" content=\"image\/jpeg\" \/>\n<meta name=\"twitter:card\" content=\"summary_large_image\" \/>\n<meta name=\"twitter:label1\" content=\"Dur\u00e9e de lecture estim\u00e9e\" \/>\n\t<meta name=\"twitter:data1\" content=\"1 minute\" \/>\n<script type=\"application\/ld+json\" class=\"yoast-schema-graph\">{\"@context\":\"https:\\\/\\\/schema.org\",\"@graph\":[{\"@type\":\"WebPage\",\"@id\":\"https:\\\/\\\/calistaengineering.fr\\\/index.php\\\/reparations-frm-uch-bsi-bsm\\\/\",\"url\":\"https:\\\/\\\/calistaengineering.fr\\\/index.php\\\/reparations-frm-uch-bsi-bsm\\\/\",\"name\":\"R\u00e9parations - CALISTA ENGINEERING\",\"isPartOf\":{\"@id\":\"https:\\\/\\\/calistaengineering.fr\\\/#website\"},\"primaryImageOfPage\":{\"@id\":\"https:\\\/\\\/calistaengineering.fr\\\/index.php\\\/reparations-frm-uch-bsi-bsm\\\/#primaryimage\"},\"image\":{\"@id\":\"https:\\\/\\\/calistaengineering.fr\\\/index.php\\\/reparations-frm-uch-bsi-bsm\\\/#primaryimage\"},\"thumbnailUrl\":\"https:\\\/\\\/calistaengineering.fr\\\/wp-content\\\/uploads\\\/2021\\\/11\\\/cropped-cropped-111201-e1643643481700.jpg\",\"datePublished\":\"2022-03-03T07:27:20+00:00\",\"dateModified\":\"2022-03-04T07:27:58+00:00\",\"breadcrumb\":{\"@id\":\"https:\\\/\\\/calistaengineering.fr\\\/index.php\\\/reparations-frm-uch-bsi-bsm\\\/#breadcrumb\"},\"inLanguage\":\"fr-FR\",\"potentialAction\":[{\"@type\":\"ReadAction\",\"target\":[\"https:\\\/\\\/calistaengineering.fr\\\/index.php\\\/reparations-frm-uch-bsi-bsm\\\/\"]}]},{\"@type\":\"ImageObject\",\"inLanguage\":\"fr-FR\",\"@id\":\"https:\\\/\\\/calistaengineering.fr\\\/index.php\\\/reparations-frm-uch-bsi-bsm\\\/#primaryimage\",\"url\":\"https:\\\/\\\/calistaengineering.fr\\\/wp-content\\\/uploads\\\/2021\\\/11\\\/cropped-cropped-111201-e1643643481700.jpg\",\"contentUrl\":\"https:\\\/\\\/calistaengineering.fr\\\/wp-content\\\/uploads\\\/2021\\\/11\\\/cropped-cropped-111201-e1643643481700.jpg\",\"width\":1500,\"height\":572,\"caption\":\"image de couverture\"},{\"@type\":\"BreadcrumbList\",\"@id\":\"https:\\\/\\\/calistaengineering.fr\\\/index.php\\\/reparations-frm-uch-bsi-bsm\\\/#breadcrumb\",\"itemListElement\":[{\"@type\":\"ListItem\",\"position\":1,\"name\":\"Reprogrammation moteur landes sanguinet biscarrosse mimizan\",\"item\":\"https:\\\/\\\/calistaengineering.fr\\\/\"},{\"@type\":\"ListItem\",\"position\":2,\"name\":\"R\u00e9parations\"}]},{\"@type\":\"WebSite\",\"@id\":\"https:\\\/\\\/calistaengineering.fr\\\/#website\",\"url\":\"https:\\\/\\\/calistaengineering.fr\\\/\",\"name\":\"CALISTA ENGINEERING\",\"description\":\"Efficience &amp; Performance\",\"publisher\":{\"@id\":\"https:\\\/\\\/calistaengineering.fr\\\/#organization\"},\"potentialAction\":[{\"@type\":\"SearchAction\",\"target\":{\"@type\":\"EntryPoint\",\"urlTemplate\":\"https:\\\/\\\/calistaengineering.fr\\\/?s={search_term_string}\"},\"query-input\":{\"@type\":\"PropertyValueSpecification\",\"valueRequired\":true,\"valueName\":\"search_term_string\"}}],\"inLanguage\":\"fr-FR\"},{\"@type\":\"Organization\",\"@id\":\"https:\\\/\\\/calistaengineering.fr\\\/#organization\",\"name\":\"Calista Engineering\",\"url\":\"https:\\\/\\\/calistaengineering.fr\\\/\",\"logo\":{\"@type\":\"ImageObject\",\"inLanguage\":\"fr-FR\",\"@id\":\"https:\\\/\\\/calistaengineering.fr\\\/#\\\/schema\\\/logo\\\/image\\\/\",\"url\":\"https:\\\/\\\/i0.wp.com\\\/calistaengineering.fr\\\/wp-content\\\/uploads\\\/2021\\\/11\\\/cropped-cropped-cropped-logo-web-transparent.png?fit=86%2C45&ssl=1\",\"contentUrl\":\"https:\\\/\\\/i0.wp.com\\\/calistaengineering.fr\\\/wp-content\\\/uploads\\\/2021\\\/11\\\/cropped-cropped-cropped-logo-web-transparent.png?fit=86%2C45&ssl=1\",\"width\":86,\"height\":45,\"caption\":\"Calista Engineering\"},\"image\":{\"@id\":\"https:\\\/\\\/calistaengineering.fr\\\/#\\\/schema\\\/logo\\\/image\\\/\"},\"sameAs\":[\"https:\\\/\\\/www.facebook.com\\\/calistaefficienceperformance\"]}]}<\/script>\n<!-- \/ Yoast SEO plugin. -->","yoast_head_json":{"title":"R\u00e9parations - CALISTA ENGINEERING","robots":{"index":"index","follow":"follow","max-snippet":"max-snippet:-1","max-image-preview":"max-image-preview:large","max-video-preview":"max-video-preview:-1"},"canonical":"https:\/\/calistaengineering.fr\/index.php\/reparations-frm-uch-bsi-bsm\/","og_locale":"fr_FR","og_type":"article","og_title":"R\u00e9parations - CALISTA ENGINEERING","og_description":"Calista Engineering vous propose la r\u00e9paration, le clonage ainsi que la programmation de diff\u00e9rents boitiers. Nous vous proposons :&#8211; R\u00e9paration FRM (BMW, MINI)&#8211; R\u00e9paration calculateur AirBag (reset crash)&#8211; R\u00e9paration\/clonage Verrou colonne de direction&#8211; Remplacement codage UCH (Renault)&#8211; R\u00e9paration\/clonage BSI (PSA)&#8211; R\u00e9paration\/remplacement BSM (PSA)&#8211; Cartes\/cl\u00e9 Renault-Remplacement tableau de bord (Renault)","og_url":"https:\/\/calistaengineering.fr\/index.php\/reparations-frm-uch-bsi-bsm\/","og_site_name":"CALISTA ENGINEERING","article_publisher":"https:\/\/www.facebook.com\/calistaefficienceperformance","article_modified_time":"2022-03-04T07:27:58+00:00","og_image":[{"width":1500,"height":572,"url":"https:\/\/calistaengineering.fr\/wp-content\/uploads\/2021\/11\/cropped-cropped-111201-e1643643481700.jpg","type":"image\/jpeg"}],"twitter_card":"summary_large_image","twitter_misc":{"Dur\u00e9e de lecture estim\u00e9e":"1 minute"},"schema":{"@context":"https:\/\/schema.org","@graph":[{"@type":"WebPage","@id":"https:\/\/calistaengineering.fr\/index.php\/reparations-frm-uch-bsi-bsm\/","url":"https:\/\/calistaengineering.fr\/index.php\/reparations-frm-uch-bsi-bsm\/","name":"R\u00e9parations - CALISTA ENGINEERING","isPartOf":{"@id":"https:\/\/calistaengineering.fr\/#website"},"primaryImageOfPage":{"@id":"https:\/\/calistaengineering.fr\/index.php\/reparations-frm-uch-bsi-bsm\/#primaryimage"},"image":{"@id":"https:\/\/calistaengineering.fr\/index.php\/reparations-frm-uch-bsi-bsm\/#primaryimage"},"thumbnailUrl":"https:\/\/calistaengineering.fr\/wp-content\/uploads\/2021\/11\/cropped-cropped-111201-e1643643481700.jpg","datePublished":"2022-03-03T07:27:20+00:00","dateModified":"2022-03-04T07:27:58+00:00","breadcrumb":{"@id":"https:\/\/calistaengineering.fr\/index.php\/reparations-frm-uch-bsi-bsm\/#breadcrumb"},"inLanguage":"fr-FR","potentialAction":[{"@type":"ReadAction","target":["https:\/\/calistaengineering.fr\/index.php\/reparations-frm-uch-bsi-bsm\/"]}]},{"@type":"ImageObject","inLanguage":"fr-FR","@id":"https:\/\/calistaengineering.fr\/index.php\/reparations-frm-uch-bsi-bsm\/#primaryimage","url":"https:\/\/calistaengineering.fr\/wp-content\/uploads\/2021\/11\/cropped-cropped-111201-e1643643481700.jpg","contentUrl":"https:\/\/calistaengineering.fr\/wp-content\/uploads\/2021\/11\/cropped-cropped-111201-e1643643481700.jpg","width":1500,"height":572,"caption":"image de couverture"},{"@type":"BreadcrumbList","@id":"https:\/\/calistaengineering.fr\/index.php\/reparations-frm-uch-bsi-bsm\/#breadcrumb","itemListElement":[{"@type":"ListItem","position":1,"name":"Reprogrammation moteur landes sanguinet biscarrosse mimizan","item":"https:\/\/calistaengineering.fr\/"},{"@type":"ListItem","position":2,"name":"R\u00e9parations"}]},{"@type":"WebSite","@id":"https:\/\/calistaengineering.fr\/#website","url":"https:\/\/calistaengineering.fr\/","name":"CALISTA ENGINEERING","description":"Efficience &amp; Performance","publisher":{"@id":"https:\/\/calistaengineering.fr\/#organization"},"potentialAction":[{"@type":"SearchAction","target":{"@type":"EntryPoint","urlTemplate":"https:\/\/calistaengineering.fr\/?s={search_term_string}"},"query-input":{"@type":"PropertyValueSpecification","valueRequired":true,"valueName":"search_term_string"}}],"inLanguage":"fr-FR"},{"@type":"Organization","@id":"https:\/\/calistaengineering.fr\/#organization","name":"Calista Engineering","url":"https:\/\/calistaengineering.fr\/","logo":{"@type":"ImageObject","inLanguage":"fr-FR","@id":"https:\/\/calistaengineering.fr\/#\/schema\/logo\/image\/","url":"https:\/\/i0.wp.com\/calistaengineering.fr\/wp-content\/uploads\/2021\/11\/cropped-cropped-cropped-logo-web-transparent.png?fit=86%2C45&ssl=1","contentUrl":"https:\/\/i0.wp.com\/calistaengineering.fr\/wp-content\/uploads\/2021\/11\/cropped-cropped-cropped-logo-web-transparent.png?fit=86%2C45&ssl=1","width":86,"height":45,"caption":"Calista Engineering"},"image":{"@id":"https:\/\/calistaengineering.fr\/#\/schema\/logo\/image\/"},"sameAs":["https:\/\/www.facebook.com\/calistaefficienceperformance"]}]}},"jetpack_sharing_enabled":true,"_links":{"self":[{"href":"https:\/\/calistaengineering.fr\/index.php\/wp-json\/wp\/v2\/pages\/617","targetHints":{"allow":["GET"]}}],"collection":[{"href":"https:\/\/calistaengineering.fr\/index.php\/wp-json\/wp\/v2\/pages"}],"about":[{"href":"https:\/\/calistaengineering.fr\/index.php\/wp-json\/wp\/v2\/types\/page"}],"author":[{"embeddable":true,"href":"https:\/\/calistaengineering.fr\/index.php\/wp-json\/wp\/v2\/users\/1"}],"replies":[{"embeddable":true,"href":"https:\/\/calistaengineering.fr\/index.php\/wp-json\/wp\/v2\/comments?post=617"}],"version-history":[{"count":3,"href":"https:\/\/calistaengineering.fr\/index.php\/wp-json\/wp\/v2\/pages\/617\/revisions"}],"predecessor-version":[{"id":621,"href":"https:\/\/calistaengineering.fr\/index.php\/wp-json\/wp\/v2\/pages\/617\/revisions\/621"}],"wp:featuredmedia":[{"embeddable":true,"href":"https:\/\/calistaengineering.fr\/index.php\/wp-json\/wp\/v2\/media\/278"}],"wp:attachment":[{"href":"https:\/\/calistaengineering.fr\/index.php\/wp-json\/wp\/v2\/media?parent=617"}],"curies":[{"name":"wp","href":"https:\/\/api.w.org\/{rel}","templated":true}]}}