{"id":345,"date":"2021-11-12T08:36:25","date_gmt":"2021-11-12T07:36:25","guid":{"rendered":"https:\/\/calistaengineering.fr\/?page_id=345"},"modified":"2022-01-31T16:46:17","modified_gmt":"2022-01-31T15:46:17","slug":"conditions-generales-de-vente","status":"publish","type":"page","link":"https:\/\/calistaengineering.fr\/index.php\/conditions-generales-de-vente\/","title":{"rendered":"Conditions G\u00e9nerales de Vente"},"content":{"rendered":"\n<p><strong>Conditions g\u00e9n\u00e9rales de vente de Calista engineering<\/strong><\/p>\n\n\n\n<p><strong>Article 1 : Application et opposabilit\u00e9 des conditions g\u00e9n\u00e9rales de vente<\/strong><\/p>\n\n\n\n<p>Sauf convention particuli\u00e8re, toute commande implique l\u2019adh\u00e9sion enti\u00e8re et sans r\u00e9serve du client aux pr\u00e9sentes conditions g\u00e9n\u00e9rales de vente, tout autre document tel que prospectus, catalogue \u00e9mis par le vendeur n\u2019ayant juridiquement aucune valeur. Les conditions g\u00e9n\u00e9rales ou particuli\u00e8res de l\u2019acheteur ne pourront jamais et en aucun cas pr\u00e9valoir sur les pr\u00e9sentes conditions g\u00e9n\u00e9rales, sauf d\u00e9rogation expresse et \u00e9crite du vendeur.<\/p>\n\n\n\n<p><strong>Article 2 : Conclusion du contrat<\/strong><\/p>\n\n\n\n<p>Le contrat est conclu par la simple signature du bon de commande. Par la signature du bon de commande, le client s\u2019engage irr\u00e9vocablement \u00e0 respecter toutes les obligations d\u00e9coulant du contrat ainsi que des pr\u00e9sentes conditions g\u00e9n\u00e9rales.<\/p>\n\n\n\n<p><strong>Article 3 : Modification de la commande<\/strong><\/p>\n\n\n\n<p>Toute modification ou r\u00e9siliation du contrat demand\u00e9e par l\u2019acheteur ne peut \u00eatre prise en consid\u00e9ration que si elle est parvenue par \u00e9crit avant toute prestation du vendeur et\/ou avant installation de toute composante mat\u00e9rielle. Le vendeur n\u2019est jamais tenu d\u2019accepter une modification demand\u00e9e par l\u2019acheteur. En tous les cas, si le vendeur accepte la r\u00e9siliation du contrat conclu, l\u2019acheteur sera redevable de plein droit et sans mise en demeure d\u2019une indemnit\u00e9 de d\u00e9dit \u00e9quivalente \u00e0 15 % du prix fix\u00e9 dans le bon de commande, avec un minimum de 150 EUROS . Jamais aucun acompte per\u00e7u par le vendeur ne sera restitu\u00e9 en cas de r\u00e9siliation demand\u00e9e par l\u2019acheteur et accept\u00e9e par le vendeur.<\/p>\n\n\n\n<p><strong>Article 4 : Prix<\/strong><\/p>\n\n\n\n<p>Le prix d\u00e9finitif dont le client est redevable et \u00e0 prendre en consid\u00e9ration est uniquement celui figurant sur le bon de commande sign\u00e9 par l\u2019acheteur.<\/p>\n\n\n\n<p><strong>Article 5 : Installation des produits<\/strong><\/p>\n\n\n\n<p>Les installations ne sont op\u00e9r\u00e9es qu\u2019en fonction des disponibilit\u00e9s de la commande et dans l\u2019ordre d\u2019arriv\u00e9e des commandes. De plus, les d\u00e9lais d\u2019installation peuvent fluctuer selon la complexit\u00e9 des v\u00e9hicules. Le d\u00e9lai d\u2019installation pr\u00e9vu dans le bon de commande n\u2019a qu\u2019une valeur purement indicative et ne saurait en aucun cas astreindre le vendeur \u00e0 une obligation de r\u00e9sultat. Les d\u00e9passements de d\u00e9lai de livraison ne peuvent en aucun cas donner lieu \u00e0 dommages et int\u00e9r\u00eats, \u00e0 retenue, ni \u00e0 annulation des commandes en cours.<\/p>\n\n\n\n<p>Il appartient au client (propri\u00e9taire ou utilisateur du v\u00e9hicule) de v\u00e9rifier que les produits install\u00e9s sont homologu\u00e9s dans le pays d\u2019immatriculation du v\u00e9hicule et de se mettre en conformit\u00e9 avec sa l\u00e9gislation (homologation, modification du certificat d\u2019immatriculation, assurance,\u2026)<\/p>\n\n\n\n<p>N\u00e9gligences \u00e9ventuelles du client :<\/p>\n\n\n\n<p>Ne sont pas couvertes les cons\u00e9quences dues aux n\u00e9gligences, au d\u00e9faut d\u2019utilisation ou de surveillance, d\u2019entretien de fa\u00e7on g\u00e9n\u00e9rale, tout usage non conforme.<\/p>\n\n\n\n<p><strong>Article 6 : Mise \u00e0 jour gratuite<\/strong><\/p>\n\n\n\n<p>Nous mettrons \u00e0 jour la reprogrammation moteur op\u00e9r\u00e9e sur le v\u00e9hicule pendant 2 ans. Si le v\u00e9hicule reprogramm\u00e9 venait \u00e0 retrouver sa configuration originale dans les 2 ans \u00e0 dater de la reprogrammation en nos ateliers, nous reprogrammons \u00e0 nouveau sans frais le v\u00e9hicule.<\/p>\n\n\n\n<p>Le paragraphe pr\u00e9c\u00e9dent n\u2019est pas applicable dans le cas o\u00f9, suite \u00e0 la mise-\u00e0-jour effectu\u00e9e par un concessionnaire, le v\u00e9hicule pr\u00e9sente une nouvelle protection qui emp\u00eache Calista Engineering d\u2019acc\u00e9der aux param\u00e8tres du calculateur moteur. De plus, aucun remboursement ne pourra \u00eatre demand\u00e9. Il appartient au client de refuser cette mise-\u00e0-jour.<\/p>\n\n\n\n<p>Aucune pi\u00e8ce moteur, moteur, frais de r\u00e9paration et indemnit\u00e9s ne seront pris en charge par le vendeur suite \u00e0 une casse autre r\u00e9sultant de la vente de l\u2019un de ses produits.<\/p>\n\n\n\n<p>Le vendeur ne pourra \u00e9galement \u00eatre tenu pour responsable des d\u00e9g\u00e2ts occasionn\u00e9s sur le v\u00e9hicule r\u00e9sultant de la vente de l\u2019un de ses produits.<\/p>\n\n\n\n<p>Certaines op\u00e9rations ou modifications entra\u00eenent la suppression du limiteur de vitesse (auto-limitation). Le client s\u2019engage \u00e0 adapter sa conduite et son v\u00e9hicule en cons\u00e9quence (pneus, freins, suspensions,\u2026)<\/p>\n\n\n\n<p><strong>Article 7 : Paiement<\/strong><\/p>\n\n\n\n<p>Sauf mention contraire, les paiements sont effectu\u00e9s au comptant lors de l\u2019\u00e9mission de la facture ou \u00e0 l\u2019\u00e9ch\u00e9ance indiqu\u00e9e sur celle-ci. Le client a le choix de payer soit en liquide, soit par carte bancaire. En cas de retard de paiement, le vendeur pourra suspendre toutes les commandes en cours sans pr\u00e9judice de toutes autres voies d\u2019action. Toute somme non pay\u00e9e au comptant ou \u00e0 l\u2019\u00e9ch\u00e9ance figurant sur la facture entra\u00eene de plein droit un int\u00e9r\u00eat conventionnel de 10 %, ceci sans mise en demeure pr\u00e9alable. En cas de retard ou d\u2019absence de paiement, l\u2019acheteur sera \u00e9galement redevable d\u2019une indemnit\u00e9 fix\u00e9e forfaitairement \u00e0 15% du prix, cette indemnit\u00e9 ne pouvant cependant \u00eatre inf\u00e9rieure \u00e0 150 EUROS.<\/p>\n\n\n\n<p><strong>Article 8 : Coordonn\u00e9es du vendeur<\/strong><\/p>\n\n\n\n<p>Duvigneau Julien ( nom commercial Calista engineering ) 40, rue du hapchot Sanguinet<br>Siret: 88906690800019<\/p>\n\n\n\n<p><strong>Article 9 : R\u00e9glementation sp\u00e9cifiques aux produits install\u00e9s<\/strong><\/p>\n\n\n\n<p>Le vendeur attire l\u2019attention de l\u2019installateur ou de l\u2019utilisateur sur le fait que la reprogrammation du v\u00e9hicule, la mise en place des produits ou toute autre intervention op\u00e9r\u00e9e par le vendeur peut vraisemblablement entra\u00eener la modification de certaines caract\u00e9ristiques techniques des v\u00e9hicules. Les v\u00e9hicules apr\u00e8s intervention du vendeur ne sont plus conformes au certificat de conformit\u00e9 d\u2019origine et ne peuvent normalement plus circuler sur la voie publique.<\/p>\n\n\n\n<p>Pour certains v\u00e9hicules, un module externe peut \u00eatre install\u00e9 sur le v\u00e9hicule afin de pouvoir r\u00e9aliser la pr\u00e9paration<\/p>\n\n\n\n<p>Les gains apr\u00e8s pr\u00e9paration annonc\u00e9s par le vendeur n\u2019ont qu\u2019une valeur purement indicative. Un gain plus faible obtenu ne pourra en aucun cas donner lieu \u00e0 dommages et int\u00e9r\u00eats, \u00e0 retenue, ni \u00e0 annulation des commandes en cours.<\/p>\n\n\n\n<p>La cartographie moteur install\u00e9e dans votre v\u00e9hicule est la propri\u00e9t\u00e9 de Calista Engineering, celle-ci ne pourra en aucun cas \u00eatre relue, copi\u00e9e ou r\u00e9utilis\u00e9e.<\/p>\n\n\n\n<p>Garantie constructeur:<\/p>\n\n\n\n<p>Le constructeur du v\u00e9hicule peut, suite aux modifications apport\u00e9es par le vendeur au v\u00e9hicule, refuser d\u2019accorder la garantie constructeur dont le client b\u00e9n\u00e9ficie normalement.<\/p>\n\n\n\n<p>Le vendeur ne saurait en aucun cas \u00eatre tenu responsable de cette perte ou d\u2019un refus d\u2019intervention du constructeur bas\u00e9 sur la dite. Aucune indemnit\u00e9 ne pourra d\u00e8s lors lui \u00eatre r\u00e9clam\u00e9e en cas de refus du constructeur d\u2019appliquer la garantie.<\/p>\n\n\n\n<p>Assurances responsabilit\u00e9 civile:<\/p>\n\n\n\n<p>Le vendeur attire l\u2019attention de l\u2019acheteur sur le fait que les modifications op\u00e9r\u00e9es sur le v\u00e9hicule obligent le client \u00e0 en avertir sa compagnie d\u2019assurances responsabilit\u00e9 civile, \u00e0 d\u00e9faut de quoi cette derni\u00e8re pourrait refuser son intervention ou exercer une action r\u00e9cursoire \u00e0 l\u2019encontre de son assur\u00e9. Le vendeur signale \u00e9galement qu\u2019une telle d\u00e9claration \u00e0 l\u2019assurance peut entra\u00eener une augmentation des primes pay\u00e9es par l\u2019assur\u00e9.<\/p>\n\n\n\n<p>En aucun cas, le vendeur ne pourra \u00eatre tenu responsable d\u2019un \u00e9ventuel refus d\u2019intervention de l\u2019assurance ou d\u2019une demande de surprime.<\/p>\n\n\n\n<p><strong>Article 10 : Obligations et responsabilit\u00e9 du client<\/strong><\/p>\n\n\n\n<p>En tant que Client, vous \u00eates responsable :<\/p>\n\n\n\n<p>\u2013 De votre propre choix du Produit et de son ad\u00e9quation \u00e0 l\u2019usage que vous en ferez, de vos frais t\u00e9l\u00e9phoniques et postaux lorsque vous nous contactez.<\/p>\n\n\n\n<p>\u2013 De l\u2019entretien de votre v\u00e9hicule selon les recommandations du constructeur.<\/p>\n\n\n\n<p>\u2013 Des d\u00e9clarations r\u00e9glementaires vous incombant, notamment les d\u00e9clarations \u00e0 l\u2019assurance pr\u00e9cis\u00e9es dans l\u2019article 8<\/p>\n\n\n\n<p>Votre v\u00e9hicule doit \u00eatre en parfait \u00e9tat de marche, en ordre d\u2019immatriculation, de contr\u00f4le technique et d\u2019assurance.<\/p>\n\n\n\n<p><strong>Article 11 : Droit applicable et comp\u00e9tence territoriale<\/strong><\/p>\n\n\n\n<p>En cas de litige, les tribunaux fran\u00e7ais seront seuls comp\u00e9tents et seul le droit fran\u00e7ais sera d\u2019application.<\/p>\n\n\n\n<p><strong>Article 12 : Nullit\u00e9 d\u2019une clause<\/strong><\/p>\n\n\n\n<p>Si l\u2019une des pr\u00e9sentes clauses devait \u00eatre d\u00e9clar\u00e9e nulle ou contraire \u00e0 une norme imp\u00e9rative ou d\u2019ordre public de droit fran\u00e7ais, seule cette clause serait affect\u00e9e par la nullit\u00e9. Ni la convention ni les autres clauses des pr\u00e9sentes conditions g\u00e9n\u00e9rales ne seraient affect\u00e9es par la nullit\u00e9.<\/p>\n","protected":false},"excerpt":{"rendered":"<p>Conditions g\u00e9n\u00e9rales de vente de Calista engineering Article 1 : Application et opposabilit\u00e9 des conditions g\u00e9n\u00e9rales de vente Sauf convention particuli\u00e8re, toute commande implique l\u2019adh\u00e9sion enti\u00e8re et sans r\u00e9serve du client aux pr\u00e9sentes conditions g\u00e9n\u00e9rales de vente, tout autre document tel que prospectus, catalogue \u00e9mis par le vendeur n\u2019ayant juridiquement aucune valeur. Les conditions g\u00e9n\u00e9rales &hellip;<\/p>\n","protected":false},"author":1,"featured_media":278,"parent":0,"menu_order":0,"comment_status":"closed","ping_status":"closed","template":"","meta":{"footnotes":""},"class_list":["post-345","page","type-page","status-publish","has-post-thumbnail","hentry"],"yoast_head":"<!-- This site is optimized with the Yoast SEO plugin v27.5 - https:\/\/yoast.com\/product\/yoast-seo-wordpress\/ -->\n<title>Conditions G\u00e9nerales de Vente - CALISTA ENGINEERING<\/title>\n<meta name=\"robots\" content=\"index, follow, max-snippet:-1, max-image-preview:large, max-video-preview:-1\" \/>\n<link rel=\"canonical\" href=\"https:\/\/calistaengineering.fr\/index.php\/conditions-generales-de-vente\/\" \/>\n<meta property=\"og:locale\" content=\"fr_FR\" \/>\n<meta property=\"og:type\" content=\"article\" \/>\n<meta property=\"og:title\" content=\"Conditions G\u00e9nerales de Vente - CALISTA ENGINEERING\" \/>\n<meta property=\"og:description\" content=\"Conditions g\u00e9n\u00e9rales de vente de Calista engineering Article 1 : Application et opposabilit\u00e9 des conditions g\u00e9n\u00e9rales de vente Sauf convention particuli\u00e8re, toute commande implique l\u2019adh\u00e9sion enti\u00e8re et sans r\u00e9serve du client aux pr\u00e9sentes conditions g\u00e9n\u00e9rales de vente, tout autre document tel que prospectus, catalogue \u00e9mis par le vendeur n\u2019ayant juridiquement aucune valeur. Les conditions g\u00e9n\u00e9rales &hellip;\" \/>\n<meta property=\"og:url\" content=\"https:\/\/calistaengineering.fr\/index.php\/conditions-generales-de-vente\/\" \/>\n<meta property=\"og:site_name\" content=\"CALISTA ENGINEERING\" \/>\n<meta property=\"article:publisher\" content=\"https:\/\/www.facebook.com\/calistaefficienceperformance\" \/>\n<meta property=\"article:modified_time\" content=\"2022-01-31T15:46:17+00:00\" \/>\n<meta property=\"og:image\" content=\"https:\/\/calistaengineering.fr\/wp-content\/uploads\/2021\/11\/cropped-cropped-111201-e1643643481700.jpg\" \/>\n\t<meta property=\"og:image:width\" content=\"1500\" \/>\n\t<meta property=\"og:image:height\" content=\"572\" \/>\n\t<meta property=\"og:image:type\" content=\"image\/jpeg\" \/>\n<meta name=\"twitter:card\" content=\"summary_large_image\" \/>\n<meta name=\"twitter:label1\" content=\"Dur\u00e9e de lecture estim\u00e9e\" \/>\n\t<meta name=\"twitter:data1\" content=\"7 minutes\" \/>\n<script type=\"application\/ld+json\" class=\"yoast-schema-graph\">{\"@context\":\"https:\\\/\\\/schema.org\",\"@graph\":[{\"@type\":\"WebPage\",\"@id\":\"https:\\\/\\\/calistaengineering.fr\\\/index.php\\\/conditions-generales-de-vente\\\/\",\"url\":\"https:\\\/\\\/calistaengineering.fr\\\/index.php\\\/conditions-generales-de-vente\\\/\",\"name\":\"Conditions G\u00e9nerales de Vente - CALISTA ENGINEERING\",\"isPartOf\":{\"@id\":\"https:\\\/\\\/calistaengineering.fr\\\/#website\"},\"primaryImageOfPage\":{\"@id\":\"https:\\\/\\\/calistaengineering.fr\\\/index.php\\\/conditions-generales-de-vente\\\/#primaryimage\"},\"image\":{\"@id\":\"https:\\\/\\\/calistaengineering.fr\\\/index.php\\\/conditions-generales-de-vente\\\/#primaryimage\"},\"thumbnailUrl\":\"https:\\\/\\\/calistaengineering.fr\\\/wp-content\\\/uploads\\\/2021\\\/11\\\/cropped-cropped-111201-e1643643481700.jpg\",\"datePublished\":\"2021-11-12T07:36:25+00:00\",\"dateModified\":\"2022-01-31T15:46:17+00:00\",\"breadcrumb\":{\"@id\":\"https:\\\/\\\/calistaengineering.fr\\\/index.php\\\/conditions-generales-de-vente\\\/#breadcrumb\"},\"inLanguage\":\"fr-FR\",\"potentialAction\":[{\"@type\":\"ReadAction\",\"target\":[\"https:\\\/\\\/calistaengineering.fr\\\/index.php\\\/conditions-generales-de-vente\\\/\"]}]},{\"@type\":\"ImageObject\",\"inLanguage\":\"fr-FR\",\"@id\":\"https:\\\/\\\/calistaengineering.fr\\\/index.php\\\/conditions-generales-de-vente\\\/#primaryimage\",\"url\":\"https:\\\/\\\/calistaengineering.fr\\\/wp-content\\\/uploads\\\/2021\\\/11\\\/cropped-cropped-111201-e1643643481700.jpg\",\"contentUrl\":\"https:\\\/\\\/calistaengineering.fr\\\/wp-content\\\/uploads\\\/2021\\\/11\\\/cropped-cropped-111201-e1643643481700.jpg\",\"width\":1500,\"height\":572,\"caption\":\"image de couverture\"},{\"@type\":\"BreadcrumbList\",\"@id\":\"https:\\\/\\\/calistaengineering.fr\\\/index.php\\\/conditions-generales-de-vente\\\/#breadcrumb\",\"itemListElement\":[{\"@type\":\"ListItem\",\"position\":1,\"name\":\"Reprogrammation moteur landes sanguinet biscarrosse mimizan\",\"item\":\"https:\\\/\\\/calistaengineering.fr\\\/\"},{\"@type\":\"ListItem\",\"position\":2,\"name\":\"Conditions G\u00e9nerales de Vente\"}]},{\"@type\":\"WebSite\",\"@id\":\"https:\\\/\\\/calistaengineering.fr\\\/#website\",\"url\":\"https:\\\/\\\/calistaengineering.fr\\\/\",\"name\":\"CALISTA ENGINEERING\",\"description\":\"Efficience &amp; Performance\",\"publisher\":{\"@id\":\"https:\\\/\\\/calistaengineering.fr\\\/#organization\"},\"potentialAction\":[{\"@type\":\"SearchAction\",\"target\":{\"@type\":\"EntryPoint\",\"urlTemplate\":\"https:\\\/\\\/calistaengineering.fr\\\/?s={search_term_string}\"},\"query-input\":{\"@type\":\"PropertyValueSpecification\",\"valueRequired\":true,\"valueName\":\"search_term_string\"}}],\"inLanguage\":\"fr-FR\"},{\"@type\":\"Organization\",\"@id\":\"https:\\\/\\\/calistaengineering.fr\\\/#organization\",\"name\":\"Calista Engineering\",\"url\":\"https:\\\/\\\/calistaengineering.fr\\\/\",\"logo\":{\"@type\":\"ImageObject\",\"inLanguage\":\"fr-FR\",\"@id\":\"https:\\\/\\\/calistaengineering.fr\\\/#\\\/schema\\\/logo\\\/image\\\/\",\"url\":\"https:\\\/\\\/i0.wp.com\\\/calistaengineering.fr\\\/wp-content\\\/uploads\\\/2021\\\/11\\\/cropped-cropped-cropped-logo-web-transparent.png?fit=86%2C45&ssl=1\",\"contentUrl\":\"https:\\\/\\\/i0.wp.com\\\/calistaengineering.fr\\\/wp-content\\\/uploads\\\/2021\\\/11\\\/cropped-cropped-cropped-logo-web-transparent.png?fit=86%2C45&ssl=1\",\"width\":86,\"height\":45,\"caption\":\"Calista Engineering\"},\"image\":{\"@id\":\"https:\\\/\\\/calistaengineering.fr\\\/#\\\/schema\\\/logo\\\/image\\\/\"},\"sameAs\":[\"https:\\\/\\\/www.facebook.com\\\/calistaefficienceperformance\"]}]}<\/script>\n<!-- \/ Yoast SEO plugin. -->","yoast_head_json":{"title":"Conditions G\u00e9nerales de Vente - CALISTA ENGINEERING","robots":{"index":"index","follow":"follow","max-snippet":"max-snippet:-1","max-image-preview":"max-image-preview:large","max-video-preview":"max-video-preview:-1"},"canonical":"https:\/\/calistaengineering.fr\/index.php\/conditions-generales-de-vente\/","og_locale":"fr_FR","og_type":"article","og_title":"Conditions G\u00e9nerales de Vente - CALISTA ENGINEERING","og_description":"Conditions g\u00e9n\u00e9rales de vente de Calista engineering Article 1 : Application et opposabilit\u00e9 des conditions g\u00e9n\u00e9rales de vente Sauf convention particuli\u00e8re, toute commande implique l\u2019adh\u00e9sion enti\u00e8re et sans r\u00e9serve du client aux pr\u00e9sentes conditions g\u00e9n\u00e9rales de vente, tout autre document tel que prospectus, catalogue \u00e9mis par le vendeur n\u2019ayant juridiquement aucune valeur. Les conditions g\u00e9n\u00e9rales &hellip;","og_url":"https:\/\/calistaengineering.fr\/index.php\/conditions-generales-de-vente\/","og_site_name":"CALISTA ENGINEERING","article_publisher":"https:\/\/www.facebook.com\/calistaefficienceperformance","article_modified_time":"2022-01-31T15:46:17+00:00","og_image":[{"width":1500,"height":572,"url":"https:\/\/calistaengineering.fr\/wp-content\/uploads\/2021\/11\/cropped-cropped-111201-e1643643481700.jpg","type":"image\/jpeg"}],"twitter_card":"summary_large_image","twitter_misc":{"Dur\u00e9e de lecture estim\u00e9e":"7 minutes"},"schema":{"@context":"https:\/\/schema.org","@graph":[{"@type":"WebPage","@id":"https:\/\/calistaengineering.fr\/index.php\/conditions-generales-de-vente\/","url":"https:\/\/calistaengineering.fr\/index.php\/conditions-generales-de-vente\/","name":"Conditions G\u00e9nerales de Vente - CALISTA ENGINEERING","isPartOf":{"@id":"https:\/\/calistaengineering.fr\/#website"},"primaryImageOfPage":{"@id":"https:\/\/calistaengineering.fr\/index.php\/conditions-generales-de-vente\/#primaryimage"},"image":{"@id":"https:\/\/calistaengineering.fr\/index.php\/conditions-generales-de-vente\/#primaryimage"},"thumbnailUrl":"https:\/\/calistaengineering.fr\/wp-content\/uploads\/2021\/11\/cropped-cropped-111201-e1643643481700.jpg","datePublished":"2021-11-12T07:36:25+00:00","dateModified":"2022-01-31T15:46:17+00:00","breadcrumb":{"@id":"https:\/\/calistaengineering.fr\/index.php\/conditions-generales-de-vente\/#breadcrumb"},"inLanguage":"fr-FR","potentialAction":[{"@type":"ReadAction","target":["https:\/\/calistaengineering.fr\/index.php\/conditions-generales-de-vente\/"]}]},{"@type":"ImageObject","inLanguage":"fr-FR","@id":"https:\/\/calistaengineering.fr\/index.php\/conditions-generales-de-vente\/#primaryimage","url":"https:\/\/calistaengineering.fr\/wp-content\/uploads\/2021\/11\/cropped-cropped-111201-e1643643481700.jpg","contentUrl":"https:\/\/calistaengineering.fr\/wp-content\/uploads\/2021\/11\/cropped-cropped-111201-e1643643481700.jpg","width":1500,"height":572,"caption":"image de couverture"},{"@type":"BreadcrumbList","@id":"https:\/\/calistaengineering.fr\/index.php\/conditions-generales-de-vente\/#breadcrumb","itemListElement":[{"@type":"ListItem","position":1,"name":"Reprogrammation moteur landes sanguinet biscarrosse mimizan","item":"https:\/\/calistaengineering.fr\/"},{"@type":"ListItem","position":2,"name":"Conditions G\u00e9nerales de Vente"}]},{"@type":"WebSite","@id":"https:\/\/calistaengineering.fr\/#website","url":"https:\/\/calistaengineering.fr\/","name":"CALISTA ENGINEERING","description":"Efficience &amp; Performance","publisher":{"@id":"https:\/\/calistaengineering.fr\/#organization"},"potentialAction":[{"@type":"SearchAction","target":{"@type":"EntryPoint","urlTemplate":"https:\/\/calistaengineering.fr\/?s={search_term_string}"},"query-input":{"@type":"PropertyValueSpecification","valueRequired":true,"valueName":"search_term_string"}}],"inLanguage":"fr-FR"},{"@type":"Organization","@id":"https:\/\/calistaengineering.fr\/#organization","name":"Calista Engineering","url":"https:\/\/calistaengineering.fr\/","logo":{"@type":"ImageObject","inLanguage":"fr-FR","@id":"https:\/\/calistaengineering.fr\/#\/schema\/logo\/image\/","url":"https:\/\/i0.wp.com\/calistaengineering.fr\/wp-content\/uploads\/2021\/11\/cropped-cropped-cropped-logo-web-transparent.png?fit=86%2C45&ssl=1","contentUrl":"https:\/\/i0.wp.com\/calistaengineering.fr\/wp-content\/uploads\/2021\/11\/cropped-cropped-cropped-logo-web-transparent.png?fit=86%2C45&ssl=1","width":86,"height":45,"caption":"Calista Engineering"},"image":{"@id":"https:\/\/calistaengineering.fr\/#\/schema\/logo\/image\/"},"sameAs":["https:\/\/www.facebook.com\/calistaefficienceperformance"]}]}},"jetpack_sharing_enabled":true,"_links":{"self":[{"href":"https:\/\/calistaengineering.fr\/index.php\/wp-json\/wp\/v2\/pages\/345","targetHints":{"allow":["GET"]}}],"collection":[{"href":"https:\/\/calistaengineering.fr\/index.php\/wp-json\/wp\/v2\/pages"}],"about":[{"href":"https:\/\/calistaengineering.fr\/index.php\/wp-json\/wp\/v2\/types\/page"}],"author":[{"embeddable":true,"href":"https:\/\/calistaengineering.fr\/index.php\/wp-json\/wp\/v2\/users\/1"}],"replies":[{"embeddable":true,"href":"https:\/\/calistaengineering.fr\/index.php\/wp-json\/wp\/v2\/comments?post=345"}],"version-history":[{"count":1,"href":"https:\/\/calistaengineering.fr\/index.php\/wp-json\/wp\/v2\/pages\/345\/revisions"}],"predecessor-version":[{"id":346,"href":"https:\/\/calistaengineering.fr\/index.php\/wp-json\/wp\/v2\/pages\/345\/revisions\/346"}],"wp:featuredmedia":[{"embeddable":true,"href":"https:\/\/calistaengineering.fr\/index.php\/wp-json\/wp\/v2\/media\/278"}],"wp:attachment":[{"href":"https:\/\/calistaengineering.fr\/index.php\/wp-json\/wp\/v2\/media?parent=345"}],"curies":[{"name":"wp","href":"https:\/\/api.w.org\/{rel}","templated":true}]}}