{"id":103,"date":"2021-11-07T10:38:27","date_gmt":"2021-11-07T09:38:27","guid":{"rendered":"https:\/\/calistaengineering.fr\/?page_id=103"},"modified":"2026-04-17T14:51:44","modified_gmt":"2026-04-17T12:51:44","slug":"e85","status":"publish","type":"page","link":"https:\/\/calistaengineering.fr\/index.php\/e85\/","title":{"rendered":"Conversion \u00e9thanol Flex-Fuel"},"content":{"rendered":"\n<h2 class=\"wp-block-heading has-medium-font-size\" id=\"h-qu-est-ce-qu-une-reprogrammation-flexfuel\"><strong>Qu\u2019est-ce qu\u2019une reprogrammation FlexFuel ?<\/strong><\/h2>\n\n\n\n<p>Un v\u00e9hicule  reprogramm\u00e9 FlexFuel peut rouler avec les quatre carburants ( E85, SP95-E10, SP98 et SP95) dans n&rsquo;importe quelle proportion.<\/p>\n\n\n\n<p class=\"has-normal-font-size\">Le E85 est un carburant contenant jusqu\u2019\u00e0 85% d\u2019\u00e9thanol et 15% d\u2019essence. pour permettre le fonctionnement d&rsquo;un v\u00e9hicule essence, nous agissons sur des param\u00e8tres permettant de r\u00e9tablir la richesse souhait\u00e9e ainsi que des d\u00e9marrages \u00e0 froids confortables.<\/p>\n\n\n\n<hr class=\"wp-block-separator has-css-opacity is-style-dots\"\/>\n\n\n\n<h2 class=\"wp-block-heading has-medium-font-size\" id=\"h-le-superethanol-e85-pour-rouler-moins-cher\"><strong>Le Super\u00e9thanol E85 pour rouler moins cher<\/strong><\/h2>\n\n\n\n<p>R\u00e9alisez de r\u00e9elles \u00e9conomies sur votre budget carburant et retrouvez votre pouvoir d\u2019achat.<\/p>\n\n\n\n<p>Le bio\u00e9thanol E85 est affich\u00e9 \u00e0 0,70\u20ac le litre en moyenne contre 1,60\u20ac le litre de Sans Plomb soit 0,90\u20ac d\u2019\u00e9cart \u00e0 la pompe.<\/p>\n\n\n\n<hr class=\"wp-block-separator has-css-opacity is-style-dots\"\/>\n\n\n\n<h2 class=\"wp-block-heading has-medium-font-size\" id=\"h-le-superethanol-e85-pour-rouler-plus-vert\"><strong>Le Super\u00e9thanol E85 pour rouler plus vert<\/strong><\/h2>\n\n\n\n<p>Le bio\u00e9thanol est produit \u00e0 partir de betteraves, de c\u00e9r\u00e9ales, de r\u00e9sidus de sucre ou d\u2019amidon. Les cultures destin\u00e9es \u00e0 sa production ne repr\u00e9sentent qu\u20191 % des surfaces agricoles fran\u00e7aises permettant ainsi de r\u00e9pondre aux besoins \u00e9nerg\u00e9tiques de la France sans impact sur la fonction premi\u00e8re de son agriculture qui reste l\u2019alimentation. En bref, le Super\u00e9thanol, c\u2019est de l\u2019alcool tr\u00e8s pur dont on a retir\u00e9 toute trace d\u2019eau.<\/p>\n\n\n\n<hr class=\"wp-block-separator has-css-opacity is-style-dots\"\/>\n\n\n\n<h2 class=\"wp-block-heading has-medium-font-size\" id=\"h-combien-coute-la-reprogrammation-flexfuel\"><strong>Combien co\u00fbte la reprogrammation FlexFuel ?<\/strong><\/h2>\n\n\n\n<p>Le tarif d\u2019une reprogrammation FlexFuel est disponible \u00e0 partir de 490\u20ac<\/p>\n\n\n\n<hr class=\"wp-block-separator has-css-opacity is-style-dots\"\/>\n\n\n\n<div style=\"height:24px\" aria-hidden=\"true\" class=\"wp-block-spacer\"><\/div>\n\n\n\n<style>@media (max-width:480px){#cp_calculatedfieldsf_pform_1{min-height:1022px;}}@media (max-width:768px){#cp_calculatedfieldsf_pform_1{min-height:834px;}}@media (max-width:1024px){#cp_calculatedfieldsf_pform_1{min-height:1310px;}}@media (min-width:1024px){#cp_calculatedfieldsf_pform_1{min-height:900px;}}<\/style><form name=\"cp_calculatedfieldsf_pform_1\" id=\"cp_calculatedfieldsf_pform_1\" action=\"https:\/\/calistaengineering.fr\/index.php\/e85\/\" method=\"post\" enctype=\"multipart\/form-data\" onsubmit=\"return fbuilderjQuery.fbuilder.doValidate(this);\" class=\"cff-form no-prefetch  cff-form-8 cp_cff_natural\"  dir=\"ltr\" data-nonce=\"4ec02bba04\">\n<input type=\"hidden\" name=\"cp_calculatedfieldsf_pform_psequence\" value=\"_1\" \/>\n<input type=\"hidden\" name=\"cp_calculatedfieldsf_id\" value=\"8\" \/>\n<input type=\"hidden\" name=\"cp_ref_page\" value=\"https:\/\/calistaengineering.fr\" \/>\n<pre style=\"display:none !important;\"><script data-category=\"functional\" type=\"text\/javascript\">form_structure_1=[[{\"form_identifier\":\"\",\"name\":\"fieldname1\",\"fieldlayout\":\"default\",\"shortlabel\":\"\",\"index\":0,\"ftype\":\"fslider\",\"userhelp\":\"\",\"audiotutorial\":\"\",\"userhelpTooltip\":true,\"tooltipIcon\":false,\"csslayout\":\"\",\"advanced\":{\"css\":{\"container\":{\"label\":\"Field container div tag\",\"rules\":{}},\"label\":{\"label\":\"Field label\",\"rules\":{}},\"input\":{\"label\":\"Input tag\",\"rules\":{}},\"help\":{\"label\":\"Instructions for users\",\"rules\":{}},\"slider\":{\"label\":\"Slider\",\"rules\":{}},\"slider_handle\":{\"label\":\"Slider handle\",\"rules\":{}},\"slider_range\":{\"label\":\"Slider range\",\"rules\":{}},\"caption\":{\"label\":\"Caption\",\"rules\":{}},\"caption_left\":{\"label\":\"Left caption\",\"rules\":{}},\"caption_right\":{\"label\":\"Right caption\",\"rules\":{}}}},\"title\":\"Prix du Sans-Plomb dans votre station\",\"exclude\":false,\"readonly\":false,\"predefined\":\"1.829\",\"predefinedMin\":\"0.00\",\"predefinedMax\":\"2.00\",\"predefinedClick\":false,\"size\":\"small\",\"thousandSeparator\":\"3,\",\"centSeparator\":\".\",\"typeValues\":true,\"min\":\"1\",\"max\":\"2.50\",\"step\":\"0.001\",\"marks\":false,\"divisions\":5,\"range\":false,\"logarithmic\":false,\"caption\":\"{0}\",\"minCaption\":\"\",\"maxCaption\":\"\",\"fBuild\":{},\"parent\":\"\"},{\"form_identifier\":\"\",\"name\":\"fieldname2\",\"fieldlayout\":\"default\",\"shortlabel\":\"\",\"index\":1,\"ftype\":\"fslider\",\"userhelp\":\"\",\"audiotutorial\":\"\",\"userhelpTooltip\":true,\"tooltipIcon\":false,\"csslayout\":\"\",\"advanced\":{\"css\":{\"container\":{\"label\":\"Field container div tag\",\"rules\":{}},\"label\":{\"label\":\"Field label\",\"rules\":{}},\"input\":{\"label\":\"Input tag\",\"rules\":{}},\"help\":{\"label\":\"Instructions for users\",\"rules\":{}},\"slider\":{\"label\":\"Slider\",\"rules\":{}},\"slider_handle\":{\"label\":\"Slider handle\",\"rules\":{}},\"slider_range\":{\"label\":\"Slider range\",\"rules\":{}},\"caption\":{\"label\":\"Caption\",\"rules\":{}},\"caption_left\":{\"label\":\"Left caption\",\"rules\":{}},\"caption_right\":{\"label\":\"Right caption\",\"rules\":{}}}},\"title\":\"Prix du E85 dans votre station\",\"exclude\":false,\"readonly\":false,\"predefined\":\"0.798\",\"predefinedMin\":\"\",\"predefinedMax\":\"\",\"predefinedClick\":false,\"size\":\"small\",\"thousandSeparator\":\",\",\"centSeparator\":\".\",\"typeValues\":true,\"min\":\"0.30\",\"max\":\"2\",\"step\":\"0.001\",\"marks\":false,\"divisions\":5,\"range\":false,\"logarithmic\":false,\"caption\":\"{0}\",\"minCaption\":\"\",\"maxCaption\":\"\",\"fBuild\":{},\"parent\":\"\"},{\"form_identifier\":\"\",\"name\":\"fieldname3\",\"fieldlayout\":\"default\",\"shortlabel\":\"\",\"index\":2,\"ftype\":\"fslider\",\"userhelp\":\"\",\"audiotutorial\":\"\",\"userhelpTooltip\":true,\"tooltipIcon\":false,\"csslayout\":\"\",\"advanced\":{\"css\":{\"container\":{\"label\":\"Field container div tag\",\"rules\":{}},\"label\":{\"label\":\"Field label\",\"rules\":{}},\"input\":{\"label\":\"Input tag\",\"rules\":{}},\"help\":{\"label\":\"Instructions for users\",\"rules\":{}}}},\"title\":\"Votre kilom\\u00e9trage annuel\",\"exclude\":true,\"readonly\":false,\"predefined\":\"15000\",\"predefinedMin\":\"\",\"predefinedMax\":\"\",\"predefinedClick\":false,\"size\":\"small\",\"thousandSeparator\":\" \",\"centSeparator\":\".\",\"typeValues\":true,\"min\":0,\"max\":\"100000\",\"step\":1,\"marks\":false,\"divisions\":5,\"range\":false,\"logarithmic\":false,\"caption\":\"{0}\",\"minCaption\":\"\",\"maxCaption\":\"\",\"fBuild\":{},\"parent\":\"\"},{\"form_identifier\":\"\",\"name\":\"fieldname4\",\"fieldlayout\":\"default\",\"shortlabel\":\"\",\"index\":3,\"ftype\":\"fslider\",\"userhelp\":\"\\n\",\"audiotutorial\":\"\",\"userhelpTooltip\":true,\"tooltipIcon\":false,\"csslayout\":\"\",\"advanced\":{\"css\":{\"container\":{\"label\":\"Field container div tag\",\"rules\":{}},\"label\":{\"label\":\"Field label\",\"rules\":{}},\"input\":{\"label\":\"Input tag\",\"rules\":{}},\"help\":{\"label\":\"Instructions for users\",\"rules\":{}},\"slider\":{\"label\":\"Slider\",\"rules\":{}},\"slider_handle\":{\"label\":\"Slider handle\",\"rules\":{}},\"slider_range\":{\"label\":\"Slider range\",\"rules\":{}},\"caption\":{\"label\":\"Caption\",\"rules\":{}},\"caption_left\":{\"label\":\"Left caption\",\"rules\":{}},\"caption_right\":{\"label\":\"Right caption\",\"rules\":{}}}},\"title\":\"Consommation de votre v\\u00e9hicule\",\"exclude\":false,\"readonly\":false,\"predefined\":\"7.0\",\"predefinedMin\":\"\",\"predefinedMax\":\"\",\"predefinedClick\":false,\"size\":\"small\",\"thousandSeparator\":\",\",\"centSeparator\":\".\",\"typeValues\":true,\"min\":\"0\",\"max\":\"25\",\"step\":\"0.1\",\"marks\":false,\"divisions\":5,\"range\":false,\"logarithmic\":false,\"caption\":\"{0}\",\"minCaption\":\"\",\"maxCaption\":\"\",\"fBuild\":{},\"parent\":\"\"},{\"form_identifier\":\"\",\"name\":\"fieldname5\",\"fieldlayout\":\"default\",\"shortlabel\":\"\",\"index\":4,\"ftype\":\"fSectionBreak\",\"userhelp\":\"\",\"audiotutorial\":\"\",\"userhelpTooltip\":false,\"tooltipIcon\":false,\"csslayout\":\"div { color: white; }\",\"advanced\":{\"css\":{\"container\":{\"label\":\"Field container div tag\",\"rules\":{}},\"label\":{\"label\":\"Field label\",\"rules\":{}},\"input\":{\"label\":\"Input tag\",\"rules\":{}},\"help\":{\"label\":\"Instructions for users\",\"rules\":{}}}},\"title\":\"Vos \\u00e9conomies incluants la surconsommation\",\"fBuild\":{},\"parent\":\"\"},{\"dependencies\":[{\"rule\":\"\",\"complex\":false,\"fields\":[\"\"]}],\"form_identifier\":\"\",\"name\":\"fieldname6\",\"fieldlayout\":\"default\",\"shortlabel\":\"\",\"index\":5,\"ftype\":\"fCalculated\",\"userhelp\":\"\",\"audiotutorial\":\"\",\"userhelpTooltip\":true,\"tooltipIcon\":false,\"csslayout\":\"\",\"advanced\":{\"css\":{\"container\":{\"label\":\"Field container div tag\",\"rules\":{}},\"label\":{\"label\":\"Field label\",\"rules\":{}},\"input\":{\"label\":\"Input tag\",\"rules\":{}},\"help\":{\"label\":\"Instructions for users\",\"rules\":{}}}},\"title\":\"Gain annuel\",\"_developerNotes\":\"\",\"predefined\":\"\",\"required\":false,\"exclude\":false,\"size\":\"small\",\"eq\":\"PREC(((fieldname1*fieldname3)*(fieldname4\\\/100))-((fieldname2*fieldname3)*((fieldname4*1.2)\\\/100)),2)\",\"min\":\"\",\"max\":\"\",\"suffix\":\" \\u20ac\",\"prefix\":\"\",\"decimalsymbol\":\".\",\"groupingsymbol\":\"\",\"readonly\":true,\"currency\":false,\"noEvalIfManual\":true,\"formatDynamically\":true,\"dynamicEval\":true,\"hidefield\":false,\"validate\":false,\"fBuild\":{},\"parent\":\"\",\"predefinedClick\":true},{\"dependencies\":[{\"rule\":\"\",\"complex\":false,\"fields\":[\"\"]}],\"form_identifier\":\"\",\"name\":\"fieldname7\",\"fieldlayout\":\"default\",\"shortlabel\":\"\",\"index\":6,\"ftype\":\"fCalculated\",\"userhelp\":\"\",\"audiotutorial\":\"\",\"userhelpTooltip\":false,\"tooltipIcon\":false,\"csslayout\":\"\",\"advanced\":{\"css\":{\"container\":{\"label\":\"Field container div tag\",\"rules\":{}},\"label\":{\"label\":\"Field label\",\"rules\":{}},\"input\":{\"label\":\"Input tag\",\"rules\":{}},\"help\":{\"label\":\"Instructions for users\",\"rules\":{}}}},\"title\":\"Gain mensuel\",\"_developerNotes\":\"\",\"predefined\":\"\",\"required\":false,\"exclude\":false,\"size\":\"small\",\"eq\":\"PREC((fieldname6\\\/12),2)\",\"min\":\"\",\"max\":\"\",\"suffix\":\" \\u20ac\",\"prefix\":\"\",\"decimalsymbol\":\".\",\"groupingsymbol\":\"\",\"readonly\":true,\"currency\":false,\"noEvalIfManual\":true,\"formatDynamically\":true,\"dynamicEval\":true,\"hidefield\":false,\"validate\":false,\"fBuild\":{},\"parent\":\"\"}],{\"0\":{\"title\":\"Simulateur d'\\u00e9conomie\",\"description\":\"\",\"formlayout\":\"top_aligned\",\"formtemplate\":\"cp_cff_natural\",\"evalequations\":1,\"evalequationsevent\":2,\"loading_animation\":0,\"autocomplete\":1,\"persistence\":0,\"customstyles\":\"\",\"evalequations_delay\":0,\"animate_form\":0,\"animation_effect\":\"fade\",\"direction\":\"ltr\",\"titletag\":\"H2\",\"textalign\":\"default\",\"headertextcolor\":\"\",\"advanced\":{\"css\":{}}},\"formid\":\"cp_calculatedfieldsf_pform_1\"}];<\/script><\/pre>\n<div id=\"fbuilder\">\n\t\t<div id=\"fbuilder_1\">\n\t\t<div id=\"formheader_1\"><\/div>\n\t\t<div id=\"fieldlist_1\"><\/div>\n\t\t<div class=\"clearer\"><\/div>\n\t<\/div>\n<\/div>\n\t<div id=\"cp_subbtn_1\" class=\"cp_subbtn\" style=\"display:none;\">Submit<\/div><div class=\"clearer\"><\/div>\n\t<input type=\"hidden\" id=\"_cpcff_public_nonce\" name=\"_cpcff_public_nonce\" value=\"dc0005f248\" \/><input type=\"hidden\" name=\"_wp_http_referer\" value=\"\/index.php\/wp-json\/wp\/v2\/pages\/103\" \/><input type=\"hidden\" name=\"cff_form_start_time\" value=\"w2Oz+KJU1CaHT4kQhcsxhw==\"><\/form>\n\t\n\n\n\n<div style=\"height:25px\" aria-hidden=\"true\" class=\"wp-block-spacer\"><\/div>\n\n\n\n<div class=\"wp-block-buttons is-layout-flex wp-block-buttons-is-layout-flex\">\n<div class=\"wp-block-button\"><a class=\"wp-block-button__link wp-element-button\" href=\"https:\/\/station-ethanol.fr\/\" target=\"_blank\" rel=\"noreferrer noopener\">Carte des Stations E85<\/a><\/div>\n\n\n\n<div class=\"wp-block-button\"><a class=\"wp-block-button__link wp-element-button\" href=\"https:\/\/calistaengineering.fr\/index.php\/contact\/\">Nous contacter<\/a><\/div>\n<\/div>\n","protected":false},"excerpt":{"rendered":"<p>Qu\u2019est-ce qu\u2019une reprogrammation FlexFuel ? Un v\u00e9hicule reprogramm\u00e9 FlexFuel peut rouler avec les quatre carburants ( E85, SP95-E10, SP98 et SP95) dans n&rsquo;importe quelle proportion. Le E85 est un carburant contenant jusqu\u2019\u00e0 85% d\u2019\u00e9thanol et 15% d\u2019essence. pour permettre le fonctionnement d&rsquo;un v\u00e9hicule essence, nous agissons sur des param\u00e8tres permettant de r\u00e9tablir la richesse souhait\u00e9e &hellip;<\/p>\n","protected":false},"author":1,"featured_media":515,"parent":0,"menu_order":0,"comment_status":"closed","ping_status":"closed","template":"","meta":{"footnotes":""},"class_list":["post-103","page","type-page","status-publish","has-post-thumbnail","hentry"],"yoast_head":"<!-- This site is optimized with the Yoast SEO plugin v27.5 - https:\/\/yoast.com\/product\/yoast-seo-wordpress\/ -->\n<title>Conversion \u00e9thanol reprogrammation<\/title>\n<meta name=\"description\" content=\"Nous convertissons vos v\u00e9hicule essence \u00e0 l&#039;\u00e9thanol via m\u00e9thode FlexFuel, ce qui vous permet de rouler avec la 4 carburants; SP95-SP98-E10-E85\" \/>\n<meta name=\"robots\" content=\"index, follow, max-snippet:-1, max-image-preview:large, max-video-preview:-1\" \/>\n<link rel=\"canonical\" href=\"https:\/\/calistaengineering.fr\/index.php\/e85\/\" \/>\n<meta property=\"og:locale\" content=\"fr_FR\" \/>\n<meta property=\"og:type\" content=\"article\" \/>\n<meta property=\"og:title\" content=\"Conversion \u00e9thanol reprogrammation\" \/>\n<meta property=\"og:description\" content=\"Nous convertissons vos v\u00e9hicule essence \u00e0 l&#039;\u00e9thanol via m\u00e9thode FlexFuel, ce qui vous permet de rouler avec la 4 carburants; SP95-SP98-E10-E85\" \/>\n<meta property=\"og:url\" content=\"https:\/\/calistaengineering.fr\/index.php\/e85\/\" \/>\n<meta property=\"og:site_name\" content=\"CALISTA ENGINEERING\" \/>\n<meta property=\"article:publisher\" content=\"https:\/\/www.facebook.com\/calistaefficienceperformance\" \/>\n<meta property=\"article:modified_time\" content=\"2026-04-17T12:51:44+00:00\" \/>\n<meta property=\"og:image\" content=\"https:\/\/calistaengineering.fr\/wp-content\/uploads\/2021\/11\/cropped-cropped-cropped-Mountains_Porsche_911_488203.jpg\" \/>\n\t<meta property=\"og:image:width\" content=\"1500\" \/>\n\t<meta property=\"og:image:height\" content=\"563\" \/>\n\t<meta property=\"og:image:type\" content=\"image\/jpeg\" \/>\n<meta name=\"twitter:card\" content=\"summary_large_image\" \/>\n<meta name=\"twitter:label1\" content=\"Dur\u00e9e de lecture estim\u00e9e\" \/>\n\t<meta name=\"twitter:data1\" content=\"2 minutes\" \/>\n<script type=\"application\/ld+json\" class=\"yoast-schema-graph\">{\"@context\":\"https:\\\/\\\/schema.org\",\"@graph\":[{\"@type\":\"WebPage\",\"@id\":\"https:\\\/\\\/calistaengineering.fr\\\/index.php\\\/e85\\\/\",\"url\":\"https:\\\/\\\/calistaengineering.fr\\\/index.php\\\/e85\\\/\",\"name\":\"Conversion \u00e9thanol reprogrammation\",\"isPartOf\":{\"@id\":\"https:\\\/\\\/calistaengineering.fr\\\/#website\"},\"primaryImageOfPage\":{\"@id\":\"https:\\\/\\\/calistaengineering.fr\\\/index.php\\\/e85\\\/#primaryimage\"},\"image\":{\"@id\":\"https:\\\/\\\/calistaengineering.fr\\\/index.php\\\/e85\\\/#primaryimage\"},\"thumbnailUrl\":\"https:\\\/\\\/calistaengineering.fr\\\/wp-content\\\/uploads\\\/2021\\\/11\\\/cropped-cropped-cropped-Mountains_Porsche_911_488203.jpg\",\"datePublished\":\"2021-11-07T09:38:27+00:00\",\"dateModified\":\"2026-04-17T12:51:44+00:00\",\"description\":\"Nous convertissons vos v\u00e9hicule essence \u00e0 l'\u00e9thanol via m\u00e9thode FlexFuel, ce qui vous permet de rouler avec la 4 carburants; SP95-SP98-E10-E85\",\"breadcrumb\":{\"@id\":\"https:\\\/\\\/calistaengineering.fr\\\/index.php\\\/e85\\\/#breadcrumb\"},\"inLanguage\":\"fr-FR\",\"potentialAction\":[{\"@type\":\"ReadAction\",\"target\":[\"https:\\\/\\\/calistaengineering.fr\\\/index.php\\\/e85\\\/\"]}]},{\"@type\":\"ImageObject\",\"inLanguage\":\"fr-FR\",\"@id\":\"https:\\\/\\\/calistaengineering.fr\\\/index.php\\\/e85\\\/#primaryimage\",\"url\":\"https:\\\/\\\/calistaengineering.fr\\\/wp-content\\\/uploads\\\/2021\\\/11\\\/cropped-cropped-cropped-Mountains_Porsche_911_488203.jpg\",\"contentUrl\":\"https:\\\/\\\/calistaengineering.fr\\\/wp-content\\\/uploads\\\/2021\\\/11\\\/cropped-cropped-cropped-Mountains_Porsche_911_488203.jpg\",\"width\":1500,\"height\":563,\"caption\":\"image de couverture\"},{\"@type\":\"BreadcrumbList\",\"@id\":\"https:\\\/\\\/calistaengineering.fr\\\/index.php\\\/e85\\\/#breadcrumb\",\"itemListElement\":[{\"@type\":\"ListItem\",\"position\":1,\"name\":\"Reprogrammation moteur landes sanguinet biscarrosse mimizan\",\"item\":\"https:\\\/\\\/calistaengineering.fr\\\/\"},{\"@type\":\"ListItem\",\"position\":2,\"name\":\"Conversion \u00e9thanol Flex-Fuel\"}]},{\"@type\":\"WebSite\",\"@id\":\"https:\\\/\\\/calistaengineering.fr\\\/#website\",\"url\":\"https:\\\/\\\/calistaengineering.fr\\\/\",\"name\":\"CALISTA ENGINEERING\",\"description\":\"Efficience &amp; Performance\",\"publisher\":{\"@id\":\"https:\\\/\\\/calistaengineering.fr\\\/#organization\"},\"potentialAction\":[{\"@type\":\"SearchAction\",\"target\":{\"@type\":\"EntryPoint\",\"urlTemplate\":\"https:\\\/\\\/calistaengineering.fr\\\/?s={search_term_string}\"},\"query-input\":{\"@type\":\"PropertyValueSpecification\",\"valueRequired\":true,\"valueName\":\"search_term_string\"}}],\"inLanguage\":\"fr-FR\"},{\"@type\":\"Organization\",\"@id\":\"https:\\\/\\\/calistaengineering.fr\\\/#organization\",\"name\":\"Calista Engineering\",\"url\":\"https:\\\/\\\/calistaengineering.fr\\\/\",\"logo\":{\"@type\":\"ImageObject\",\"inLanguage\":\"fr-FR\",\"@id\":\"https:\\\/\\\/calistaengineering.fr\\\/#\\\/schema\\\/logo\\\/image\\\/\",\"url\":\"https:\\\/\\\/i0.wp.com\\\/calistaengineering.fr\\\/wp-content\\\/uploads\\\/2021\\\/11\\\/cropped-cropped-cropped-logo-web-transparent.png?fit=86%2C45&ssl=1\",\"contentUrl\":\"https:\\\/\\\/i0.wp.com\\\/calistaengineering.fr\\\/wp-content\\\/uploads\\\/2021\\\/11\\\/cropped-cropped-cropped-logo-web-transparent.png?fit=86%2C45&ssl=1\",\"width\":86,\"height\":45,\"caption\":\"Calista Engineering\"},\"image\":{\"@id\":\"https:\\\/\\\/calistaengineering.fr\\\/#\\\/schema\\\/logo\\\/image\\\/\"},\"sameAs\":[\"https:\\\/\\\/www.facebook.com\\\/calistaefficienceperformance\"]}]}<\/script>\n<!-- \/ Yoast SEO plugin. -->","yoast_head_json":{"title":"Conversion \u00e9thanol reprogrammation","description":"Nous convertissons vos v\u00e9hicule essence \u00e0 l'\u00e9thanol via m\u00e9thode FlexFuel, ce qui vous permet de rouler avec la 4 carburants; SP95-SP98-E10-E85","robots":{"index":"index","follow":"follow","max-snippet":"max-snippet:-1","max-image-preview":"max-image-preview:large","max-video-preview":"max-video-preview:-1"},"canonical":"https:\/\/calistaengineering.fr\/index.php\/e85\/","og_locale":"fr_FR","og_type":"article","og_title":"Conversion \u00e9thanol reprogrammation","og_description":"Nous convertissons vos v\u00e9hicule essence \u00e0 l'\u00e9thanol via m\u00e9thode FlexFuel, ce qui vous permet de rouler avec la 4 carburants; SP95-SP98-E10-E85","og_url":"https:\/\/calistaengineering.fr\/index.php\/e85\/","og_site_name":"CALISTA ENGINEERING","article_publisher":"https:\/\/www.facebook.com\/calistaefficienceperformance","article_modified_time":"2026-04-17T12:51:44+00:00","og_image":[{"width":1500,"height":563,"url":"https:\/\/calistaengineering.fr\/wp-content\/uploads\/2021\/11\/cropped-cropped-cropped-Mountains_Porsche_911_488203.jpg","type":"image\/jpeg"}],"twitter_card":"summary_large_image","twitter_misc":{"Dur\u00e9e de lecture estim\u00e9e":"2 minutes"},"schema":{"@context":"https:\/\/schema.org","@graph":[{"@type":"WebPage","@id":"https:\/\/calistaengineering.fr\/index.php\/e85\/","url":"https:\/\/calistaengineering.fr\/index.php\/e85\/","name":"Conversion \u00e9thanol reprogrammation","isPartOf":{"@id":"https:\/\/calistaengineering.fr\/#website"},"primaryImageOfPage":{"@id":"https:\/\/calistaengineering.fr\/index.php\/e85\/#primaryimage"},"image":{"@id":"https:\/\/calistaengineering.fr\/index.php\/e85\/#primaryimage"},"thumbnailUrl":"https:\/\/calistaengineering.fr\/wp-content\/uploads\/2021\/11\/cropped-cropped-cropped-Mountains_Porsche_911_488203.jpg","datePublished":"2021-11-07T09:38:27+00:00","dateModified":"2026-04-17T12:51:44+00:00","description":"Nous convertissons vos v\u00e9hicule essence \u00e0 l'\u00e9thanol via m\u00e9thode FlexFuel, ce qui vous permet de rouler avec la 4 carburants; SP95-SP98-E10-E85","breadcrumb":{"@id":"https:\/\/calistaengineering.fr\/index.php\/e85\/#breadcrumb"},"inLanguage":"fr-FR","potentialAction":[{"@type":"ReadAction","target":["https:\/\/calistaengineering.fr\/index.php\/e85\/"]}]},{"@type":"ImageObject","inLanguage":"fr-FR","@id":"https:\/\/calistaengineering.fr\/index.php\/e85\/#primaryimage","url":"https:\/\/calistaengineering.fr\/wp-content\/uploads\/2021\/11\/cropped-cropped-cropped-Mountains_Porsche_911_488203.jpg","contentUrl":"https:\/\/calistaengineering.fr\/wp-content\/uploads\/2021\/11\/cropped-cropped-cropped-Mountains_Porsche_911_488203.jpg","width":1500,"height":563,"caption":"image de couverture"},{"@type":"BreadcrumbList","@id":"https:\/\/calistaengineering.fr\/index.php\/e85\/#breadcrumb","itemListElement":[{"@type":"ListItem","position":1,"name":"Reprogrammation moteur landes sanguinet biscarrosse mimizan","item":"https:\/\/calistaengineering.fr\/"},{"@type":"ListItem","position":2,"name":"Conversion \u00e9thanol Flex-Fuel"}]},{"@type":"WebSite","@id":"https:\/\/calistaengineering.fr\/#website","url":"https:\/\/calistaengineering.fr\/","name":"CALISTA ENGINEERING","description":"Efficience &amp; Performance","publisher":{"@id":"https:\/\/calistaengineering.fr\/#organization"},"potentialAction":[{"@type":"SearchAction","target":{"@type":"EntryPoint","urlTemplate":"https:\/\/calistaengineering.fr\/?s={search_term_string}"},"query-input":{"@type":"PropertyValueSpecification","valueRequired":true,"valueName":"search_term_string"}}],"inLanguage":"fr-FR"},{"@type":"Organization","@id":"https:\/\/calistaengineering.fr\/#organization","name":"Calista Engineering","url":"https:\/\/calistaengineering.fr\/","logo":{"@type":"ImageObject","inLanguage":"fr-FR","@id":"https:\/\/calistaengineering.fr\/#\/schema\/logo\/image\/","url":"https:\/\/i0.wp.com\/calistaengineering.fr\/wp-content\/uploads\/2021\/11\/cropped-cropped-cropped-logo-web-transparent.png?fit=86%2C45&ssl=1","contentUrl":"https:\/\/i0.wp.com\/calistaengineering.fr\/wp-content\/uploads\/2021\/11\/cropped-cropped-cropped-logo-web-transparent.png?fit=86%2C45&ssl=1","width":86,"height":45,"caption":"Calista Engineering"},"image":{"@id":"https:\/\/calistaengineering.fr\/#\/schema\/logo\/image\/"},"sameAs":["https:\/\/www.facebook.com\/calistaefficienceperformance"]}]}},"jetpack_sharing_enabled":true,"_links":{"self":[{"href":"https:\/\/calistaengineering.fr\/index.php\/wp-json\/wp\/v2\/pages\/103","targetHints":{"allow":["GET"]}}],"collection":[{"href":"https:\/\/calistaengineering.fr\/index.php\/wp-json\/wp\/v2\/pages"}],"about":[{"href":"https:\/\/calistaengineering.fr\/index.php\/wp-json\/wp\/v2\/types\/page"}],"author":[{"embeddable":true,"href":"https:\/\/calistaengineering.fr\/index.php\/wp-json\/wp\/v2\/users\/1"}],"replies":[{"embeddable":true,"href":"https:\/\/calistaengineering.fr\/index.php\/wp-json\/wp\/v2\/comments?post=103"}],"version-history":[{"count":93,"href":"https:\/\/calistaengineering.fr\/index.php\/wp-json\/wp\/v2\/pages\/103\/revisions"}],"predecessor-version":[{"id":847,"href":"https:\/\/calistaengineering.fr\/index.php\/wp-json\/wp\/v2\/pages\/103\/revisions\/847"}],"wp:featuredmedia":[{"embeddable":true,"href":"https:\/\/calistaengineering.fr\/index.php\/wp-json\/wp\/v2\/media\/515"}],"wp:attachment":[{"href":"https:\/\/calistaengineering.fr\/index.php\/wp-json\/wp\/v2\/media?parent=103"}],"curies":[{"name":"wp","href":"https:\/\/api.w.org\/{rel}","templated":true}]}}